{"id":990,"date":"2020-12-08T13:00:56","date_gmt":"2020-12-08T11:00:56","guid":{"rendered":"http:\/\/mindful-eating.es\/?page_id=990"},"modified":"2024-01-07T11:49:54","modified_gmt":"2024-01-07T09:49:54","slug":"curso-mindful-eating-on-line-2-2-2-2","status":"publish","type":"page","link":"https:\/\/mindful-eating.es\/?page_id=990","title":{"rendered":"Curso Mindful Eating On Line :: Inicio septiembre 2020 (11\u00aa Edici\u00f3n)"},"content":{"rendered":"<p><em><img loading=\"lazy\" decoding=\"async\" class=\"alignright wp-image-979 size-full\" src=\"http:\/\/mindful-eating.es\/wp-content\/uploads\/2020\/06\/curso-online11.jpg\" alt=\"\" width=\"4306\" height=\"2829\" srcset=\"https:\/\/mindful-eating.es\/wp-content\/uploads\/2020\/06\/curso-online11.jpg 4306w, https:\/\/mindful-eating.es\/wp-content\/uploads\/2020\/06\/curso-online11-300x197.jpg 300w, https:\/\/mindful-eating.es\/wp-content\/uploads\/2020\/06\/curso-online11-768x505.jpg 768w, https:\/\/mindful-eating.es\/wp-content\/uploads\/2020\/06\/curso-online11-1024x673.jpg 1024w\" sizes=\"auto, (max-width: 4306px) 100vw, 4306px\" \/>basado en el programa ME-CL de Jan Chozen Bays y Char Wilkins<\/em><\/p>\n<p><strong>Introducci\u00f3n<\/strong><\/p>\n<p>Este curso tiene como prop\u00f3sito aprender a gestionar nuestra relaci\u00f3n con la comida desde una perspectiva gozosa y alegre. Ofrece a los participantes una oportunidad para explorar personalmente y asimilar las pr\u00e1cticas de atenci\u00f3n plena y habilidades de alimentaci\u00f3n consciente. La base del programa es la pr\u00e1ctica de mindfulness o Atenci\u00f3n Consciente &#8211; o sea una conciencia sin juicios del momento presente \u2013 que vamos explorando a lo largo del curso. Esto nos permite ir desarrollando una conciencia m\u00e1s plena de nosotros mismos, de nuestra relaci\u00f3n con la comida y de todo lo que ponemos en el plato adem\u00e1s de los alimentos. Este programa nos invita a explorar c\u00f3mo nuestros sentimientos se relacionan con la comida, lo que nos lleva a una vida m\u00e1s creativa y gozosa al relacionarnos con la comida al sustituir el remordimiento por la alegr\u00eda al ser m\u00e1s conscientes.En el este curso aprender\u00e1s a distinguir los diferentes tipos de hambres que experimentamos y la forma en que podemos nutrir cada tipo de hambre.<br \/>\n<iframe loading=\"lazy\" src=\"https:\/\/player.vimeo.com\/video\/307584081\" width=\"640\" height=\"480\" frameborder=\"0\" allowfullscreen=\"allowfullscreen\"><\/iframe><\/p>\n<p>La manera principal en que har\u00e1s esto es aprendiendo a estar atento a tu relaci\u00f3n con la comida, de modo que con diferentes ejercicios puedas tener m\u00e1s libertad de elecci\u00f3n acerca de c\u00f3mo responder. Tambi\u00e9n aprender\u00e1s c\u00f3mo ver diferentes aspectos de tu experiencia como partes de una conciencia m\u00e1s amplia, d\u00e1ndote la posibilidad de vivir con m\u00e1s ecuanimidad y estabilidad emocional. Cada semana aprender\u00e1s una nueva estrategia y acercamiento dentro de un grupo c\u00e1lido y amigable.<\/p>\n<form action=\"https:\/\/www.paypal.com\/cgi-bin\/webscr\" method=\"post\" target=\"_top\"><img loading=\"lazy\" decoding=\"async\" class=\"alignright\" src=\"https:\/\/www.paypalobjects.com\/es_ES\/i\/scr\/pixel.gif\" alt=\"\" width=\"1\" height=\"1\" border=\"0\" \/><\/form>\n<p>En este curso exploramos mindfulness trav\u00e9s de pr\u00e1cticas que incluyen meditaci\u00f3n, introspecci\u00f3n, experimentaci\u00f3n con alimentos y reflexi\u00f3n de experiencias en grupo.<\/p>\n<p><strong>Qu\u00e9 podr\u00e1s conseguir<\/strong>:<\/p>\n<blockquote>\n<ul>\n<li>Vas a poder descubrir oportunidades positivas y nutritivas que est\u00e1n disponibles para ti a trav\u00e9s de la preparaci\u00f3n y consumo de alimentos respetando tu sabidur\u00eda interna.<\/li>\n<li>Comenzar\u00e1s a elegir y comer alimentos que te son placenteros y nutritivos utilizando todos tus sentidos para explorar, saborear y disfrutar.<\/li>\n<li>Te har\u00e1s consciente de tu hambre f\u00edsica y se\u00f1ales de saciedad para guiar tus decisiones acerca de comenzar y terminar de comer.<\/li>\n<li>Experimentar\u00e1s qu\u00e9 es comer con atenci\u00f3n consciente (Mindfulness), participando m\u00e1s de tu experiencia sensorial y recuperando el placer de comer&#8230;<\/li>\n<li>Distinguir\u00e1s entre hambre real y hambre emocional ampliando tus recursos para poder satisfacer adecuadamente tu necesidad emocional de compa\u00f1\u00eda, distracci\u00f3n, premio, \u2026 sin tener que comer si esa es tu preferencia.<\/li>\n<li>Adquirir\u00e1s herramientas para conectar con tus emociones y as\u00ed poder romper con los automatismos que te llevan a comer sin pensar para luego sentirte culpable.<\/li>\n<li>Aprender\u00e1s a reconocer y tomar conciencia de las se\u00f1ales f\u00edsicas del hambre y la saciedad para poder responder a ellas en vez de reaccionar.<\/li>\n<li>Adquirir\u00e1s herramientas para romper con las conductas alimentarias que te llevan a comer con el piloto autom\u00e1tico.<\/li>\n<\/ul>\n<\/blockquote>\n<p>Participando en este curso aprender\u00e1s c\u00f3mo cultivar atenci\u00f3n consciente enfoc\u00e1ndote de forma deliberada en lo que est\u00e1s experimentando dejando ir los juicios auto-cr\u00edticos. Como resultado de tu pr\u00e1ctica de atenci\u00f3n consciente, ver\u00e1s claramente tus respuestas a la comida, abri\u00e9ndote a elecciones libres, equilibrio y aceptaci\u00f3n. Te permitir\u00e1 transformar tu relaci\u00f3n con la comida, con tu cuerpo y podr\u00e1s mejorar tu bienestar, tu calidad de vida y tu salud independientemente de tu talla. Desde la auto-indagaci\u00f3n, el autocuidado, el auto-conocimiento y la auto-compasi\u00f3n podr\u00e1s hacer mejores elecciones y liberarte de conductas no saludables, comiendo sin culpas.<br \/>\nLo \u00fanico que necesitas para hacer este curso es un inter\u00e9s y compromiso de involucrarte completamente con el programa practicando los m\u00e9todos que te ense\u00f1aremos durante unos 30 a 60 minutos al d\u00eda en casa.<\/p>\n<p><strong>El curso<\/strong><br \/>\nEste curso ofrece un enfoque multifac\u00e9tico en torno a la alimentaci\u00f3n con atenci\u00f3n consciente y est\u00e1 basado en el programa ME-CL y es impartido por profesores de mindfulness RespiraVida BreathWorks que ya tienen una formaci\u00f3n como profesores de mindfulness y que son profesores entrenados del programa Mindful Eating Concious Living impartido por <em>Jan Chozen Bays y Char Wilkins<\/em> y certificado por el UC San Diego Center for Mindfulness.<\/p>\n<p><strong>\u00bfEs esta una nueva forma de hacer dieta? \u00bfVoy a perder peso?<\/strong><br \/>\nNo, esta no es una nueva forma de hacer dieta. No te podemos asegurar que vayas a perder peso. Con este programa s\u00ed que te garantizamos que puedes aprender a desarrollar una nueva relaci\u00f3n con la comida en la que escuches a tu cuerpo, tus emociones y tu esp\u00edritu. Con este programa avanzamos con peque\u00f1os pasos, un paso cada vez, estos peque\u00f1os pasos nos ayudan a avanzar por el camino que queremos recorrer y que hemos escogido. Nos ayuda a cultivar una relaci\u00f3n de libertad con la comida.<br \/>\nEn este taller aprender\u00e1s c\u00f3mo cultivar atenci\u00f3n consciente a trav\u00e9s de poner atenci\u00f3n de manera deliberada al mismo tiempo que dejas ir los juicios auto-cr\u00edticos. Como resultado de tu pr\u00e1ctica de atenci\u00f3n consciente, ver\u00e1s claramente tus respuestas a la comida, promoviendo elecciones libres, equilibrio y aceptaci\u00f3n, y transformando tu relaci\u00f3n con la comida, con tu cuerpo y mejorando tu bienestar y tu calidad de vida. Desde la auto-exploraci\u00f3n, el auto-conocimiento y la compasi\u00f3n podr\u00e1s hacer mejores elecciones y liberarte de conductas no saludables, comiendo sin culpas.<\/p>\n<p><strong>A quien va dirigido<\/strong><br \/>\nEste curso est\u00e1 abierto al p\u00fablico en general y cualquier persona que desee cultivar una relaci\u00f3n m\u00e1s consciente con la comida. Tambi\u00e9n puede ser muy \u00fatil para los profesionales de la salud interesados en incorporar la alimentaci\u00f3n con atenci\u00f3n plena a su pr\u00e1ctica profesional desde la pr\u00e1ctica personal.<\/p>\n<p><strong>Descripci\u00f3n del curso<\/strong><br \/>\nEste curso interactivo de 9 clases con el Dr. Silamani Guirao esta temporalizado para realizar una sesi\u00f3n semanal, aunque el participante puede ajustar la temporalizaci\u00f3n a sus necesidades.<\/p>\n<p><span style=\"text-decoration: underline;\">El curso incluye<\/span>:<\/p>\n<ul>\n<li>Seis clases de 20-30 minutos en video disponibles on-line impartidas por el Dr. Silamani Guirao.<\/li>\n<li><strong>Tres clases interactivas de entre 60 y 90 minutos en vivo<\/strong> con el Dr. Guirao, que tendr\u00e1n lugar el <strong>1 de septiembre de 2020 , el 29de septiembre de 2020 y el 27 de octubre de 2020 a las 6:30 pm<\/strong> hora peninsular espa\u00f1ola*(Hora Central Europea ::CET). (Las sesiones ser\u00e1n grabadas y estar\u00e1n disponibles despu\u00e9s de las sesiones.)<\/li>\n<li>Grabaciones de audio descargables para ayudar a guiarle en las pr\u00e1cticas para alimentarse con atenci\u00f3n consciente.<\/li>\n<li>Ejercicios semanales para que usted pueda en casa integrar estas ense\u00f1anzas en su vida diaria.<\/li>\n<li>Foros de discusi\u00f3n del curso donde puedes compartir tus ideas y retos con el resto de participantes del curso on-line y recibir el apoyo del resto de participantes<\/li>\n<li>Un plan semanal de lectura del libro Comer atentos de Jan Chozen Bays.<\/li>\n<\/ul>\n<p>El acceso a todos estos materiales del curso estar\u00e1n disponibles on-line hasta <strong>el 31 de marzo de 2021.<\/strong><\/p>\n<p>&nbsp;<\/p>\n<p><a href=\"http:\/\/joguigo.blogs.uv.es\/files\/2016\/05\/3159.jpg\"><img loading=\"lazy\" decoding=\"async\" class=\"alignnone size-full wp-image-263\" style=\"margin-left: 6px; margin-right: 6px; border: 1px solid black; float: right;\" src=\"http:\/\/joguigo.blogs.uv.es\/files\/2016\/05\/3159.jpg\" alt=\"3159\" width=\"140\" height=\"215\" \/><\/a><strong>Adquisici\u00f3n del libro<\/strong><\/p>\n<p>Para realizar el curso los alumnos tendr\u00e1n que adquirir el libro \u00abComer antentos\u00bb de Jan Chozen Bays.<\/p>\n<p>Disponible en <a href=\"http:\/\/editorialkairos.com\/catalogo\/comer-atentos\" target=\"_blank\" rel=\"noopener noreferrer\">Editorial Kair\u00f3s<\/a><\/p>\n<p>Disponible en <a href=\"https:\/\/www.amazon.es\/Comer-Atentos-Sabidur%C3%ADa-perenne-Chozen\/dp\/8499883125\/ref=sr_1_1?ie=UTF8&amp;qid=1463307464&amp;sr=8-1&amp;keywords=comer+atentos\" target=\"_blank\" rel=\"noopener noreferrer\">Amazon<\/a><\/p>\n<p>Disponible en <a href=\"http:\/\/www.casadellibro.com\/libros-ebooks\/jan-chozen-bays\/20094004\" target=\"_blank\" rel=\"noopener noreferrer\">La Casa del Libro<\/a><\/p>\n<p>&nbsp;<\/p>\n<p><strong>________________________________________<\/strong><\/p>\n<p><strong>Precio<\/strong><\/p>\n<h4>Normal :: 210 \u20ac<\/h4>\n<p><span style=\"text-decoration: underline;\"><strong>PROMOCIONES ESPECIALES<\/strong><\/span><\/p>\n<p><strong><span style=\"color: #3366ff;\">INSCRIPCI\u00d3N TEMPRANA*<\/span><\/strong><\/p>\n<p>Precio especial inscripci\u00f3n pronto pago antes del 31 de julio de 2020 -&gt; <strong>175 \u20ac<\/strong><\/p>\n<h4>Facilidades de pago. Si lo deseas puedes realizar el pago en varias cuotas. Preg\u00fantanos.<\/h4>\n<p><strong>Pago<\/strong><\/p>\n<p>Mediante transferencia bancaria* o Paypal (puedes realizar el pago a trav\u00e9s de paypal o con tarjeta de cr\u00e9dito pulsando en este enlace: <a href=\"http:\/\/paypal.me\/MindEat\/\" target=\"_blank\" rel=\"noopener noreferrer\" data-saferedirecturl=\"https:\/\/www.google.com\/url?q=http:\/\/paypal.me\/MindEat\/180&amp;source=gmail&amp;ust=1547936500596000&amp;usg=AFQjCNE-1roHTIHkhOzReplgO_LaR0npDQ\">http:\/\/paypal.me\/MindEat\/<\/a>)<\/p>\n<p><img loading=\"lazy\" decoding=\"async\" class=\"alignleft wp-image-707\" src=\"http:\/\/mindful-eating.es\/wp-content\/uploads\/2017\/04\/AM_mc_vs_dc_ae.jpg\" alt=\"\" width=\"322\" height=\"111\" srcset=\"https:\/\/mindful-eating.es\/wp-content\/uploads\/2017\/04\/AM_mc_vs_dc_ae.jpg 319w, https:\/\/mindful-eating.es\/wp-content\/uploads\/2017\/04\/AM_mc_vs_dc_ae-300x103.jpg 300w\" sizes=\"auto, (max-width: 322px) 100vw, 322px\" \/><\/p>\n<p>&nbsp;<\/p>\n<p>&nbsp;<\/p>\n<p>&nbsp;<\/p>\n<p><img loading=\"lazy\" decoding=\"async\" src=\"https:\/\/www.paypalobjects.com\/es_ES\/i\/scr\/pixel.gif\" alt=\"\" width=\"1\" height=\"1\" border=\"0\" \/><\/p>\n<p><strong>Fecha de inicio<br \/>\n<\/strong><\/p>\n<p>1 de septiembre de 2020<\/p>\n<p><strong>Prueba gratis<br \/>\n<\/strong><\/p>\n<p><a href=\"http:\/\/mindful-eating.es\/?page_id=696\" target=\"_blank\" rel=\"noopener noreferrer\">Taller online gratuito<\/a><\/p>\n<p>Si no pudiste asistir, puedes ver el taller hasta el d\u00eda 14 de agosto de 2020 en nuestra p\u00e1gina de facebook.<\/p>\n<p><a href=\"https:\/\/www.facebook.com\/mindful.eating.es\/\" target=\"_blank\" rel=\"noopener noreferrer\">https:\/\/www.facebook.com\/mindful.eating.es\/<\/a><\/p>\n<p>&nbsp;<\/p>\n<p><strong>Inscripci\u00f3n<\/strong><\/p>\n<p>Para inscribirte rellena el siguiente formulario<\/p>\n<p><iframe loading=\"lazy\" src=\"https:\/\/docs.google.com\/forms\/d\/e\/1FAIpQLSdRgYliByLgd1m0SszIWMPb3l5AqfywHz3XsKGaCAEc-zO07A\/viewform?embedded=true\" width=\"640\" height=\"2570\" frameborder=\"0\" marginwidth=\"0\" marginheight=\"0\">Cargando\u2026<\/iframe><\/p>\n<p>La inscripci\u00f3n no estar\u00e1 formalizada y reservada hasta la realizaci\u00f3n del pago y confirmaci\u00f3n. Plazas limitadas.<\/p>\n<p>Informaci\u00f3n: info@mindful-eating.es<\/p>\n<p><a href=\"http:\/\/mindful-eating.es\/?page_id=373\">Pol\u00edtica de cancelaci\u00f3n y reembolso<\/a><\/p>\n<p>________________________________________<\/p>\n<p>&nbsp;<\/p>\n<p>&nbsp;<\/p>\n<p>&nbsp;<\/p>\n","protected":false},"excerpt":{"rendered":"<p>basado en el programa ME-CL de Jan Chozen Bays y Char Wilkins Introducci\u00f3n Este curso tiene como prop\u00f3sito aprender a gestionar nuestra relaci\u00f3n con la comida desde una perspectiva gozosa y alegre. Ofrece a los participantes una oportunidad para explorar personalmente y asimilar las pr\u00e1cticas de atenci\u00f3n plena y habilidades de alimentaci\u00f3n consciente. La base [&hellip;]<\/p>\n","protected":false},"author":1,"featured_media":0,"parent":0,"menu_order":0,"comment_status":"closed","ping_status":"closed","template":"","meta":{"footnotes":""},"class_list":["post-990","page","type-page","status-publish","hentry"],"aioseo_notices":[],"_links":{"self":[{"href":"https:\/\/mindful-eating.es\/index.php?rest_route=\/wp\/v2\/pages\/990","targetHints":{"allow":["GET"]}}],"collection":[{"href":"https:\/\/mindful-eating.es\/index.php?rest_route=\/wp\/v2\/pages"}],"about":[{"href":"https:\/\/mindful-eating.es\/index.php?rest_route=\/wp\/v2\/types\/page"}],"author":[{"embeddable":true,"href":"https:\/\/mindful-eating.es\/index.php?rest_route=\/wp\/v2\/users\/1"}],"replies":[{"embeddable":true,"href":"https:\/\/mindful-eating.es\/index.php?rest_route=%2Fwp%2Fv2%2Fcomments&post=990"}],"version-history":[{"count":17,"href":"https:\/\/mindful-eating.es\/index.php?rest_route=\/wp\/v2\/pages\/990\/revisions"}],"predecessor-version":[{"id":1033,"href":"https:\/\/mindful-eating.es\/index.php?rest_route=\/wp\/v2\/pages\/990\/revisions\/1033"}],"wp:attachment":[{"href":"https:\/\/mindful-eating.es\/index.php?rest_route=%2Fwp%2Fv2%2Fmedia&parent=990"}],"curies":[{"name":"wp","href":"https:\/\/api.w.org\/{rel}","templated":true}]}}