{"id":7,"date":"2016-05-25T13:12:14","date_gmt":"2016-05-25T13:12:14","guid":{"rendered":"http:\/\/mindful-eating.es\/?page_id=7"},"modified":"2018-02-28T10:57:20","modified_gmt":"2018-02-28T08:57:20","slug":"la-evidencia-cientifica-de-mindfulness","status":"publish","type":"page","link":"https:\/\/mindful-eating.es\/?page_id=7","title":{"rendered":"La evidencia cient\u00edfica de mindfulness"},"content":{"rendered":"<p><img loading=\"lazy\" decoding=\"async\" class=\"alignleft  wp-image-675\" src=\"http:\/\/mindful-eating.es\/wp-content\/uploads\/2016\/05\/tim-de-groot-105620-unsplash.jpg\" alt=\"\" width=\"373\" height=\"250\" srcset=\"https:\/\/mindful-eating.es\/wp-content\/uploads\/2016\/05\/tim-de-groot-105620-unsplash.jpg 3819w, https:\/\/mindful-eating.es\/wp-content\/uploads\/2016\/05\/tim-de-groot-105620-unsplash-300x201.jpg 300w, https:\/\/mindful-eating.es\/wp-content\/uploads\/2016\/05\/tim-de-groot-105620-unsplash-768x514.jpg 768w, https:\/\/mindful-eating.es\/wp-content\/uploads\/2016\/05\/tim-de-groot-105620-unsplash-1024x685.jpg 1024w\" sizes=\"auto, (max-width: 373px) 100vw, 373px\" \/>Mindfulness es una capacidad que todos tenemos y que podemos cultivar. Actualmente mindfulness o atenci\u00f3n consciente se ha convertido en un t\u00e9rmino muy popular especialmente en el mundo de la ciencia, la psicolog\u00eda y la salud.<\/p>\n<p>Mindfulness es prestar atenci\u00f3n de manera deliberada a lo que est\u00e1 sucediendo tanto en nuestro interior \u2014 las sensaciones corporales, nuestras emociones y nuestros pensamientos \u2014 como fuera de nosotros. Y todo ello impregnado de una actitud amable, compasiva y sin recriminaci\u00f3n ni juicio.<\/p>\n<p>Jon Kabat-Zinn<a title=\"\" href=\"\/Users\/25389644J\/Downloads\/Taller%20Mindfulness%20(version%202).doc#_edn1\">[i]<\/a> es uno de los padres del uso cl\u00ednico de mindfulness en occidente. El desarrollo de mindfulness produce en la persona una capacidad para adoptar una actitud de aceptaci\u00f3n y centrada en el presente hacia la propia experiencia. El desarrollo de esta cualidad de aceptaci\u00f3n, que no significa resignaci\u00f3n, supone un intento de no juzgar lo que est\u00e1 sucediendo, supone una curiosidad que no a\u00f1ade proliferaci\u00f3n de pensamientos a lo que sucede sin intentar evaluar si es una experiencia positiva o negativa<a title=\"\" href=\"\/Users\/25389644J\/Downloads\/Taller%20Mindfulness%20(version%202).doc#_edn2\">[ii]<\/a>.<\/p>\n<p>El desarrollo de esta caracter\u00edstica lleva impl\u00edcito el desarrollo de una actitud compasiva, amable y de aceptaci\u00f3n de la situaci\u00f3n que se est\u00e1 viviendo.<\/p>\n<p>Todas estas caracter\u00edsticas han tenido gran aplicaci\u00f3n en las profesiones de la salud en diferentes aspectos:<\/p>\n<p>&#8211;\u00a0\u00a0\u00a0\u00a0\u00a0\u00a0\u00a0\u00a0\u00a0 Mindfulness ha sido utilizado como una herramienta terap\u00e9utica para las personas con ansiedad y depresi\u00f3n, con estr\u00e9s y en problemas de salud mental. Su aplicaci\u00f3n cl\u00ednica ha desarrollado diferentes tipos de programas: Mindfulness Based in Stress Reduction (MBSR)<a title=\"\" href=\"\/Users\/25389644J\/Downloads\/Taller%20Mindfulness%20(version%202).doc#_ednref1\">[i]<\/a>, Mindfulness Based in Cognitive Therapy (MBCT)<a title=\"\" href=\"\/Users\/25389644J\/Downloads\/Taller%20Mindfulness%20(version%202).doc#_edn3\">[iii]<\/a> o Mindfuness Based in Pain Management (MBPM)<a title=\"\" href=\"\/Users\/25389644J\/Downloads\/Taller%20Mindfulness%20(version%202).doc#_edn4\">[iv]<\/a>. La aplicaci\u00f3n de mindfulness se ha\u00a0 mostrado como efectiva en la prevenci\u00f3n de reca\u00eddas en la depresi\u00f3n<a title=\"\" href=\"\/Users\/25389644J\/Downloads\/Taller%20Mindfulness%20(version%202).doc#_edn5\">[v]<\/a>,<a title=\"\" href=\"\/Users\/25389644J\/Downloads\/Taller%20Mindfulness%20(version%202).doc#_edn6\">[vi]<\/a>, en el manejo del estr\u00e9s<a title=\"\" href=\"\/Users\/25389644J\/Downloads\/Taller%20Mindfulness%20(version%202).doc#_edn7\">[vii]<\/a>, en la gesti\u00f3n del dolor<a title=\"\" href=\"\/Users\/25389644J\/Downloads\/Taller%20Mindfulness%20(version%202).doc#_edn8\">[viii]<\/a><a title=\"\" href=\"\/Users\/25389644J\/Downloads\/Taller%20Mindfulness%20(version%202).doc#_edn6\">[vi]<\/a>,\u00a0y de las enfermedades cr\u00f3nicas<a title=\"\" href=\"\/Users\/25389644J\/Downloads\/Taller%20Mindfulness%20(version%202).doc#_edn4\">[iv]<\/a>. Teniendo efectos fisiol\u00f3gicos como el aumento de la inmunidad<a title=\"\" href=\"\/Users\/25389644J\/Downloads\/Taller%20Mindfulness%20(version%202).doc#_edn9\">[ix]<\/a>, un aumento de la longitud de los tel\u00f3meros que se traduce en un menor envejecimiento<a title=\"\" href=\"\/Users\/25389644J\/Downloads\/Taller%20Mindfulness%20(version%202).doc#_edn10\">[x]<\/a>, o cambios en la plasticidad cerebral que modifican las v\u00edas neuronales que nos lleva a estar m\u00e1s calmados y menos inquietos<a title=\"\" href=\"\/Users\/25389644J\/Downloads\/Taller%20Mindfulness%20(version%202).doc#_edn11\">[xi]<\/a>.<\/p>\n<p>&#8211;\u00a0\u00a0\u00a0\u00a0\u00a0\u00a0\u00a0\u00a0\u00a0 Mindfulness y compasi\u00f3n tambi\u00e9n tiene un efecto sobre los profesionales que se ven sometidos a una gran presi\u00f3n profesional como las enfermeras. Seg\u00fan Kristin Neff<a title=\"\" href=\"\/Users\/25389644J\/Downloads\/Taller%20Mindfulness%20(version%202).doc#_edn12\">[xii]<\/a>, psic\u00f3loga investigadora y docente en mindfulness y\u00a0 autocompasi\u00f3n, dedicar mucho energ\u00eda a ayudar a los dem\u00e1s puede provocar fatiga por compasi\u00f3n. Los cuidadores mas emp\u00e1ticos y sensibles tienden a ser los m\u00e1s expuestos, ya que sienten m\u00e1s profundamente el dolor de sus pacientes. Las investigaciones sugieren que los cuidadores que realizan cursos de mindfulness y autocompasi\u00f3n tienen menos probabilidades de sufrir este s\u00edndrome. Por otra parte un reciente estudio ha mostrado que la pr\u00e1ctica de la meditaci\u00f3n y de mindfulness reduce los s\u00edntomas de estr\u00e9s postraum\u00e1tico entre enfermeras<a title=\"\" href=\"\/Users\/25389644J\/Downloads\/Taller%20Mindfulness%20(version%202).doc#_edn13\">[xiii]<\/a> y otros estudios sugieren que un programa de meditaci\u00f3n entre las enfermeras de un hospital mejora el clima laboral y la satisfacci\u00f3n de los pacientes<a title=\"\" href=\"\/Users\/25389644J\/Downloads\/Taller%20Mindfulness%20(version%202).doc#_edn14\">[xiv]<\/a>.<\/p>\n<p>&#8211;\u00a0\u00a0\u00a0\u00a0\u00a0\u00a0\u00a0\u00a0\u00a0 Mindfulness como instrumento de mejora de la pr\u00e1ctica cl\u00ednica. Seg\u00fan Epstein<a title=\"\" href=\"\/Users\/25389644J\/Downloads\/Taller%20Mindfulness%20(version%202).doc#_edn15\">[xv]<\/a> la pr\u00e1ctica de mindfulness en los profesionales tiene un efecto que les hace ser m\u00e1s conscientes de los propios procesos mentales, les permite escuchar m\u00e1s atentamente, ser m\u00e1s flexibles consigo mismo y reconocer los sesgos y errores en la pr\u00e1ctica cl\u00ednica, y un \u00faltimo aspecto tambi\u00e9n muy valioso como mostrar valores \u00e9ticos, compasi\u00f3n y empat\u00eda hacia los pacientes. Del an\u00e1lisis de los estudios realizados por Epstein es posible deducir que la aplicaci\u00f3n de mindfulness puede mejorar el razonamiento diagn\u00f3stico y la aproximaci\u00f3n hol\u00edstica al cuidado del ser humano.<\/p>\n<p>Si deseas conocer m\u00e1s estudios que relacionan mindfulness y resultados en salud te recomiendo la siguiente <a href=\"http:\/\/www.respiravida.net\/investigaciones\" target=\"_blank\" rel=\"noopener\">p\u00e1gina<\/a><\/p>\n<div>\n<hr align=\"left\" size=\"1\" width=\"33%\" \/>\n<div>\n<p><a title=\"\" href=\"\/Users\/25389644J\/Downloads\/Taller%20Mindfulness%20(version%202).doc#_ednref1\">[i]<\/a> Kabat Zinn, J. Vivir con plenitud las crisis. C\u00f3mo utilizar la sabidur\u00eda del cuerpo y de la mente para afrontar el estr\u00e9s el dolor y la enfermedad. Barcelona: Kair\u00f3s, 1990.<\/p>\n<\/div>\n<div>\n<p><a title=\"\" href=\"\/Users\/25389644J\/Downloads\/Taller%20Mindfulness%20(version%202).doc#_ednref2\">[ii]<\/a> Cebolla A, Garc\u00eda-Campayo J, Demarzo M. Mindfulness y ciencia. De la tradici\u00f3n a la modernidad. Madrid: Alianza Editorial, 2014.<\/p>\n<\/div>\n<div>\n<p><a title=\"\" href=\"\/Users\/25389644J\/Downloads\/Taller%20Mindfulness%20(version%202).doc#_ednref3\">[iii]<\/a> Segal ZV, Williams JM, Teasdale JD. Terapia cognitiva de la depresi\u00f3n basada en la consciencia plena. Un nuevo abordaje para la prevenci\u00f3n de reca\u00eddas . Barcelona:Desclee, 2008<\/p>\n<\/div>\n<div>\n<p><a title=\"\" href=\"\/Users\/25389644J\/Downloads\/Taller%20Mindfulness%20(version%202).doc#_ednref4\">[iv]<\/a> Burch V. Vivir bien con el dolor y la enfermedad. Mindfulness para liberarte del sufrimiento. Barcelona: Kairos, 2014.<\/p>\n<\/div>\n<div>\n<p><a title=\"\" href=\"\/Users\/25389644J\/Downloads\/Taller%20Mindfulness%20(version%202).doc#_ednref5\">[v]<\/a> Williams MJ, Crane C, Barnhofer T, Brennan K, Dugan D, Fenell M. et al. Mindfulness Bsed Cognitive Therapy for preventing relapse in recurrent depression: a randomized dismantling trial.\u00a0 Journal of Consultin and Clinical Psychology,2013. 78,3.<\/p>\n<\/div>\n<div>\n<p><a title=\"\" href=\"\/Users\/25389644J\/Downloads\/Taller%20Mindfulness%20(version%202).doc#_ednref6\">[vi]<\/a> <a href=\"http:\/\/www.ncbi.nlm.nih.gov\/pubmed?term=Goyal%20M%5BAuthor%5D&amp;cauthor=true&amp;cauthor_uid=24395196\">Goyal M<\/a>,\u00a0<a href=\"http:\/\/www.ncbi.nlm.nih.gov\/pubmed?term=Singh%20S%5BAuthor%5D&amp;cauthor=true&amp;cauthor_uid=24395196\">Singh S<\/a>,\u00a0<a href=\"http:\/\/www.ncbi.nlm.nih.gov\/pubmed?term=Sibinga%20EM%5BAuthor%5D&amp;cauthor=true&amp;cauthor_uid=24395196\">Sibinga EM<\/a>,\u00a0<a href=\"http:\/\/www.ncbi.nlm.nih.gov\/pubmed?term=Gould%20NF%5BAuthor%5D&amp;cauthor=true&amp;cauthor_uid=24395196\">Gould NF<\/a>,\u00a0<a href=\"http:\/\/www.ncbi.nlm.nih.gov\/pubmed?term=Rowland-Seymour%20A%5BAuthor%5D&amp;cauthor=true&amp;cauthor_uid=24395196\">Rowland-Seymour A<\/a>,\u00a0<a href=\"http:\/\/www.ncbi.nlm.nih.gov\/pubmed?term=Sharma%20R%5BAuthor%5D&amp;cauthor=true&amp;cauthor_uid=24395196\">Sharma R<\/a>,\u00a0<a href=\"http:\/\/www.ncbi.nlm.nih.gov\/pubmed?term=Berger%20Z%5BAuthor%5D&amp;cauthor=true&amp;cauthor_uid=24395196\">Berger Z<\/a>,\u00a0<a href=\"http:\/\/www.ncbi.nlm.nih.gov\/pubmed?term=Sleicher%20D%5BAuthor%5D&amp;cauthor=true&amp;cauthor_uid=24395196\">Sleicher D<\/a>,\u00a0<a href=\"http:\/\/www.ncbi.nlm.nih.gov\/pubmed?term=Maron%20DD%5BAuthor%5D&amp;cauthor=true&amp;cauthor_uid=24395196\">Maron DD<\/a>,\u00a0<a href=\"http:\/\/www.ncbi.nlm.nih.gov\/pubmed?term=Shihab%20HM%5BAuthor%5D&amp;cauthor=true&amp;cauthor_uid=24395196\">Shihab HM<\/a>,\u00a0<a href=\"http:\/\/www.ncbi.nlm.nih.gov\/pubmed?term=Ranasinghe%20PD%5BAuthor%5D&amp;cauthor=true&amp;cauthor_uid=24395196\">Ranasinghe PD<\/a>,\u00a0<a href=\"http:\/\/www.ncbi.nlm.nih.gov\/pubmed?term=Linn%20S%5BAuthor%5D&amp;cauthor=true&amp;cauthor_uid=24395196\">Linn S<\/a>,<a href=\"http:\/\/www.ncbi.nlm.nih.gov\/pubmed?term=Saha%20S%5BAuthor%5D&amp;cauthor=true&amp;cauthor_uid=24395196\">Saha S<\/a>,\u00a0<a href=\"http:\/\/www.ncbi.nlm.nih.gov\/pubmed?term=Bass%20EB%5BAuthor%5D&amp;cauthor=true&amp;cauthor_uid=24395196\">Bass EB<\/a>,\u00a0<a href=\"http:\/\/www.ncbi.nlm.nih.gov\/pubmed?term=Haythornthwaite%20JA%5BAuthor%5D&amp;cauthor=true&amp;cauthor_uid=24395196\">Haythornthwaite JA<\/a>. Meditation programs for psychological stress and well-being: a systematic review and meta-analysis. <a title=\"JAMA internal medicine.\" href=\"http:\/\/www.ncbi.nlm.nih.gov\/pubmed\/24395196\">JAMA Intern Med.<\/a>\u00a02014 Mar;174(3):357-68. doi: 10.1001\/jamainternmed.2013.13018.<\/p>\n<\/div>\n<div>\n<p><a title=\"\" href=\"\/Users\/25389644J\/Downloads\/Taller%20Mindfulness%20(version%202).doc#_ednref7\">[vii]<\/a> Fjorback LO, Arendt M, OrnbolL E, Fink P, Walach H. Mindfulness-bsed stress reduction and mindfunness bsed cognitive therapy: a sistematic review of randomized cotrolled trials. Acta Psychiatric Scandinavica,2011. 142,:102-119.<\/p>\n<\/div>\n<div>\n<p><a title=\"\" href=\"\/Users\/25389644J\/Downloads\/Taller%20Mindfulness%20(version%202).doc#_ednref8\">[viii]<\/a> Chiesa A, SerrettiA. Mindfulness based interventions for chronic pain: as systematic review of the evidence. Journal of Alternative and Complemantary Medicine, 2011. 17(1):83-93<\/p>\n<\/div>\n<div>\n<p><a title=\"\" href=\"\/Users\/25389644J\/Downloads\/Taller%20Mindfulness%20(version%202).doc#_ednref9\">[ix]<\/a> Rosenkranz MA, Davidson RJ, Maccoon DG, Sheridan JF, Kalin NH, Lutz A.A comparison of mindfulness-based stress reduction and an active control in modulation of neurogenic inflammation.Brain Behav Immun. 2013 Jan;27(1):174-84. doi: 10.1016\/j.bbi.2012.10.013.<\/p>\n<\/div>\n<div>\n<p><a title=\"\" href=\"\/Users\/25389644J\/Downloads\/Taller%20Mindfulness%20(version%202).doc#_ednref10\">[x]<\/a> Hoge EA, Chen MM, Orr E, Metcalf CA, Fischer LE, Pollack MH, De Vivo I, Simon NM. Loving-Kindness Meditation practice associated with longer telomeres in women. Brain, behaviour &amp; Inmunity.2013 Aug;32:159-63. doi: 10.1016\/j.bbi.2013.04.005.<\/p>\n<\/div>\n<div>\n<p><a title=\"\" href=\"\/Users\/25389644J\/Downloads\/Taller%20Mindfulness%20(version%202).doc#_ednref11\">[xi]<\/a> Mindfulness meditation practice changes the brain. Harv Womens Health Watch. 2011 Apr;18(8):6-7.<\/p>\n<\/div>\n<div>\n<p><a title=\"\" href=\"\/Users\/25389644J\/Downloads\/Taller%20Mindfulness%20(version%202).doc#_ednref12\">[xii]<\/a> Neff K. S\u00e9 amable contigo mismo: El arte de la compasi\u00f3n hacia uno mismo.2012. Madrid: Oniro.<\/p>\n<\/div>\n<div>\n<p><a title=\"\" href=\"\/Users\/25389644J\/Downloads\/Taller%20Mindfulness%20(version%202).doc#_ednref13\">[xiii]<\/a> Kim SH, Schneider SM, Bevans M, Kravitz L, Mermier C, Qualls C, Burge MR.PTSD symptom reduction with mindfulness-based stretching and deep breathing exercise: randomized controlled clinical trial of efficacy. J Clin Endocrinol Metab. 2013 Jul;98(7):2984-92. doi: 10.1210\/jc.2012-3742.<\/p>\n<\/div>\n<div>\n<p><a title=\"\" href=\"\/Users\/25389644J\/Downloads\/Taller%20Mindfulness%20(version%202).doc#_ednref14\">[xiv]<\/a> Horner JK, Piercy BS, Eure L, Woodard EK.A pilot study to evaluate mindfulness as a strategy to improve inpatient nurse and patient experiences. Appl Nurs Res. 2014 Jan 30. pii: S0897-1897(14)00031-7. doi: 10.1016\/j.apnr.2014.01.003.<\/p>\n<\/div>\n<div>\n<p><a title=\"\" href=\"\/Users\/25389644J\/Downloads\/Taller%20Mindfulness%20(version%202).doc#_ednref15\">[xv]<\/a> Epstein RM. Mindful practice. JAMA, 282, 199. 833-839<\/p>\n<h6><em>\u00a0<\/em><\/h6>\n<hr \/>\n<h3><em><span style=\"color: #993366;\">Dr. Silamani Guirao-Goris<\/span><\/em><\/h3>\n<p><em>Publicado 25 mayo 2016<\/em><\/p>\n<p>&nbsp;<\/p>\n<\/div>\n<\/div>\n","protected":false},"excerpt":{"rendered":"<p>Mindfulness es una capacidad que todos tenemos y que podemos cultivar. Actualmente mindfulness o atenci\u00f3n consciente se ha convertido en un t\u00e9rmino muy popular especialmente en el mundo de la ciencia, la psicolog\u00eda y la salud. Mindfulness es prestar atenci\u00f3n de manera deliberada a lo que est\u00e1 sucediendo tanto en nuestro interior \u2014 las sensaciones [&hellip;]<\/p>\n","protected":false},"author":1,"featured_media":0,"parent":0,"menu_order":0,"comment_status":"closed","ping_status":"closed","template":"","meta":{"footnotes":""},"class_list":["post-7","page","type-page","status-publish","hentry"],"aioseo_notices":[],"_links":{"self":[{"href":"https:\/\/mindful-eating.es\/index.php?rest_route=\/wp\/v2\/pages\/7","targetHints":{"allow":["GET"]}}],"collection":[{"href":"https:\/\/mindful-eating.es\/index.php?rest_route=\/wp\/v2\/pages"}],"about":[{"href":"https:\/\/mindful-eating.es\/index.php?rest_route=\/wp\/v2\/types\/page"}],"author":[{"embeddable":true,"href":"https:\/\/mindful-eating.es\/index.php?rest_route=\/wp\/v2\/users\/1"}],"replies":[{"embeddable":true,"href":"https:\/\/mindful-eating.es\/index.php?rest_route=%2Fwp%2Fv2%2Fcomments&post=7"}],"version-history":[{"count":4,"href":"https:\/\/mindful-eating.es\/index.php?rest_route=\/wp\/v2\/pages\/7\/revisions"}],"predecessor-version":[{"id":676,"href":"https:\/\/mindful-eating.es\/index.php?rest_route=\/wp\/v2\/pages\/7\/revisions\/676"}],"wp:attachment":[{"href":"https:\/\/mindful-eating.es\/index.php?rest_route=%2Fwp%2Fv2%2Fmedia&parent=7"}],"curies":[{"name":"wp","href":"https:\/\/api.w.org\/{rel}","templated":true}]}}