{"id":696,"date":"2018-03-14T18:35:37","date_gmt":"2018-03-14T16:35:37","guid":{"rendered":"http:\/\/mindful-eating.es\/?page_id=696"},"modified":"2025-10-10T13:07:57","modified_gmt":"2025-10-10T11:07:57","slug":"taller-mindful-eating-online-gratuito","status":"publish","type":"page","link":"https:\/\/mindful-eating.es\/?page_id=696","title":{"rendered":"Sesi\u00f3n de Kindful &#038; Mindful Eating Online Gratis"},"content":{"rendered":"<p><img loading=\"lazy\" decoding=\"async\" class=\"alignright wp-image-1202 size-full\" src=\"http:\/\/mindful-eating.es\/wp-content\/uploads\/2022\/08\/Sesion-gratis-KE-scaled.jpg\" alt=\"\" width=\"2560\" height=\"1331\" srcset=\"https:\/\/mindful-eating.es\/wp-content\/uploads\/2022\/08\/Sesion-gratis-KE-scaled.jpg 2560w, https:\/\/mindful-eating.es\/wp-content\/uploads\/2022\/08\/Sesion-gratis-KE-300x156.jpg 300w, https:\/\/mindful-eating.es\/wp-content\/uploads\/2022\/08\/Sesion-gratis-KE-1024x532.jpg 1024w, https:\/\/mindful-eating.es\/wp-content\/uploads\/2022\/08\/Sesion-gratis-KE-768x399.jpg 768w, https:\/\/mindful-eating.es\/wp-content\/uploads\/2022\/08\/Sesion-gratis-KE-1536x798.jpg 1536w, https:\/\/mindful-eating.es\/wp-content\/uploads\/2022\/08\/Sesion-gratis-KE-2048x1064.jpg 2048w\" sizes=\"auto, (max-width: 2560px) 100vw, 2560px\" \/><strong><em>\u00bfQuieres probar gratis qu\u00e9 es eso de Kindful &amp; Mindful Eating?<\/em><\/strong><\/p>\n<p>Pues si lo deseas tienes la oportunidad de apuntarte gratuitamente a esta actividad online. Utilizando la metodolog\u00eda que usamos en el <a href=\"http:\/\/mindful-eating.es\/?page_id=430\" target=\"_blank\" rel=\"noopener noreferrer\">Curso de Kindful &amp; Mindful Eating Online &#8211; Alimentaci\u00f3n Bondadosa Consciente<\/a> podr\u00e1s probar qu\u00e9 significa eso de Kindful Eating.<\/p>\n<p><strong>Cu\u00e1ndo<\/strong><\/p>\n<p>El d\u00eda 22 de septiembre 2026 ::\u00a0 19:00 h (Hora Madrid : CET)<\/p>\n<p><strong>C\u00f3mo inscribirme<\/strong><\/p>\n<p>Si tienes inter\u00e9s en inscribirte en esta sesi\u00f3n de prueba rellena tus datos a continuaci\u00f3n. Al rellenar el formulario despu\u00e9s recibir\u00e1s una copia de los datos que nos has enviado, y posteriormente (unos d\u00edas antes de la sesi\u00f3n gratuita) una invitaci\u00f3n por correo electr\u00f3nico en la que confirmas tu inscripci\u00f3n y las instrucciones para asistir a la sesi\u00f3n informativa.<\/p>\n<p><iframe loading=\"lazy\" src=\"https:\/\/docs.google.com\/forms\/d\/e\/1FAIpQLSc93ZPjRUVqfH9w5kjBENkyw6eXDKj9F9azzLw5-nGHHNTgSQ\/viewform?embedded=true\" width=\"640\" height=\"1777\" frameborder=\"0\" marginwidth=\"0\" marginheight=\"0\">Cargando\u2026<\/iframe><\/p>\n<p><strong>\u00bfQue haremos?<\/strong><\/p>\n<p>Realizaremos una meditaci\u00f3n breve para conectar.<\/p>\n<p>Exploraremos como Mindfulness\u00a0 te puede ayudar a ser m\u00e1s consciente al alimentarte.<\/p>\n<p>Realizaremos un ejercicio de tomar de forma consciente dos onzas de chocolate.<\/p>\n<p>Exploraremos los contenidos de que se compone el <strong>Curso Kindful &amp; Mindful Eating Online<\/strong>.<\/p>\n","protected":false},"excerpt":{"rendered":"<p>\u00bfQuieres probar gratis qu\u00e9 es eso de Kindful &amp; Mindful Eating? Pues si lo deseas tienes la oportunidad de apuntarte gratuitamente a esta actividad online. Utilizando la metodolog\u00eda que usamos en el Curso de Kindful &amp; Mindful Eating Online &#8211; Alimentaci\u00f3n Bondadosa Consciente podr\u00e1s probar qu\u00e9 significa eso de Kindful Eating. Cu\u00e1ndo El d\u00eda 22 [&hellip;]<\/p>\n","protected":false},"author":1,"featured_media":0,"parent":0,"menu_order":0,"comment_status":"closed","ping_status":"closed","template":"","meta":{"footnotes":""},"class_list":["post-696","page","type-page","status-publish","hentry"],"aioseo_notices":[],"_links":{"self":[{"href":"https:\/\/mindful-eating.es\/index.php?rest_route=\/wp\/v2\/pages\/696","targetHints":{"allow":["GET"]}}],"collection":[{"href":"https:\/\/mindful-eating.es\/index.php?rest_route=\/wp\/v2\/pages"}],"about":[{"href":"https:\/\/mindful-eating.es\/index.php?rest_route=\/wp\/v2\/types\/page"}],"author":[{"embeddable":true,"href":"https:\/\/mindful-eating.es\/index.php?rest_route=\/wp\/v2\/users\/1"}],"replies":[{"embeddable":true,"href":"https:\/\/mindful-eating.es\/index.php?rest_route=%2Fwp%2Fv2%2Fcomments&post=696"}],"version-history":[{"count":33,"href":"https:\/\/mindful-eating.es\/index.php?rest_route=\/wp\/v2\/pages\/696\/revisions"}],"predecessor-version":[{"id":1454,"href":"https:\/\/mindful-eating.es\/index.php?rest_route=\/wp\/v2\/pages\/696\/revisions\/1454"}],"wp:attachment":[{"href":"https:\/\/mindful-eating.es\/index.php?rest_route=%2Fwp%2Fv2%2Fmedia&parent=696"}],"curies":[{"name":"wp","href":"https:\/\/api.w.org\/{rel}","templated":true}]}}