{"id":507,"date":"2017-05-22T10:36:05","date_gmt":"2017-05-22T08:36:05","guid":{"rendered":"http:\/\/mindful-eating.es\/?page_id=507"},"modified":"2017-05-29T11:11:34","modified_gmt":"2017-05-29T09:11:34","slug":"un-universo-interior","status":"publish","type":"page","link":"https:\/\/mindful-eating.es\/?page_id=507","title":{"rendered":"Un universo interior"},"content":{"rendered":"<p><img loading=\"lazy\" decoding=\"async\" class=\"aligncenter wp-image-499 size-full\" src=\"http:\/\/mindful-eating.es\/wp-content\/uploads\/2017\/05\/sabrina-ho-186580-e1495442085248.jpg\" width=\"4608\" height=\"2522\" srcset=\"https:\/\/mindful-eating.es\/wp-content\/uploads\/2017\/05\/sabrina-ho-186580-e1495442085248.jpg 4608w, https:\/\/mindful-eating.es\/wp-content\/uploads\/2017\/05\/sabrina-ho-186580-e1495442085248-300x164.jpg 300w, https:\/\/mindful-eating.es\/wp-content\/uploads\/2017\/05\/sabrina-ho-186580-e1495442085248-768x420.jpg 768w, https:\/\/mindful-eating.es\/wp-content\/uploads\/2017\/05\/sabrina-ho-186580-e1495442085248-1024x560.jpg 1024w\" sizes=\"auto, (max-width: 4608px) 100vw, 4608px\" \/><\/p>\n<blockquote>\n<p style=\"padding-left: 150px;\">Que todos los seres que existen, de\u0301biles o fuertes, altos, corpulentos o de complexio\u0301n mediana o baja, pequen\u0303os o grandes, todos sin excepcio\u0301n, visibles o invisibles, los que viven lejos o cerca, los que ya nacieron y los que esta\u0301n por nacer, \u00a1que todos ellos sean felices!<\/p>\n<p style=\"text-align: right; padding-left: 150px;\">Karaniya Metta Sutta<\/p>\n<\/blockquote>\n<p>Si crees que t\u00fa eres s\u00f3lo tu est\u00e1s en una equivocaci\u00f3n. Diversas investigaciones muestran que no somos un solo cuerpo. Somos m\u00e1s bien como un universo complejo que alberga miles de millones de \u201cotros\u201d seres que interact\u00faan con todas nuestras \u201cpropias\u201d c\u00e9lulas.\u00a0 Se calcula que son aproximadamente 100 billones de seres invisibles los que viven dentro de eso que llamamos nuestro cuerpo. Si tuvi\u00e9semos que pesar a todos esos seres nos encontrar\u00edamos que suponen entre un kilo y medio, y dos kilos de peso. Estos seres microsc\u00f3picos son vitales para nuestra salud. Aquello que pensamos como una persona a la que llamamos \u201cyo\u201d en realidad contiene muchas m\u00e1s c\u00e9lulas pertenecientes a \u201cotros\u201d seres que las propias c\u00e9lulas humanas. La mayor\u00eda de estos otros seres residen en nuestros intestinos. Se les llama el microbioma humano. Hemos coevolucionado con ellos durante eones, y lo cierto es que no podr\u00edamos existir sin ellos.<\/p>\n<p>Las investigaciones nos muestran que colaboran en la digesti\u00f3n y absorci\u00f3n de los nutrientes(1).<\/p>\n<ul>\n<li>Crean una barrera f\u00edsica contra potenciales bacterias invasoras da\u00f1inas.<\/li>\n<li>Act\u00faan como un m\u00e1quina desintoxicante.<\/li>\n<li>Se dice que son el \u00f3rgano m\u00e1s grande del sistema inmunitario.<\/li>\n<li>Te ayudan a manejar el estr\u00e9s gracias al efecto que tiene en tu sistema endocrino.<\/li>\n<li>Influyen en que descanses bien.<\/li>\n<li>Ayudan en la respuesta inflamatoria del cuerpo.<\/li>\n<\/ul>\n<p>Este microbioma parece tener un papel muy importante de la salud de las personas. As\u00ed, por ejemplo, en las personas con dolor parece que tienen un microbioma menos saludable (2), o la proporci\u00f3n de especies est\u00e1 alterada como en la obesidad (3).<\/p>\n<p>Si a esto a\u00f1adimos que las celulas nerviosas que tenemos en el intestino constituyen lo que muchos cient\u00edficos empiezan a denominar como el \u00absegundo cerebro\u00bb nos empieza a dar una idea de que las cosas no son como pens\u00e1bamos. Recientemente hemos comenzado a saber que entre un 80% y un 90% de la serotonina (un neurotransmisor que tiene una funci\u00f3n natural antidepresiva) se produce en el intestino.<\/p>\n<p>Por eso cuando comenzamos a hablar de mi cuerpo quiz\u00e1 ser\u00eda mejor hablar de nuestro cuerpo. Un cuerpo en el que viven 100 billones de seres y en el que han residido varios miles de generaciones de seres.<\/p>\n<p>Cuando el Buda, dec\u00eda en su discurso del Karaniya Metta Sutta,\u00a0 <em>\u00abQue todos los seres que existen (&#8230;) visibles o invisibles (&#8230;) que todos ellos sean felices\u00bb<\/em> nos est\u00e1 invitando a cultivar <a href=\"http:\/\/www.budismo-valencia.com\/budismo\/antecedentes-metta-karaniya-metta-sutta-castellano-pali\" target=\"_blank\">metta<\/a> o amor incondicional. \u00bfY c\u00f3mo podemos hacerlo? Tal vez como afirma Jan Chozen Bays en un <a href=\"http:\/\/www.me-cl.com\/beneficial-beings-within-care-spanish-translation\/\" target=\"_blank\">art\u00edculo<\/a> podr\u00edamos tomar m\u00e1s probi\u00f3ticos y prebi\u00f3ticos. Y tal vez podamos dedicar un tiempo a enviar metta en nuestra <a href=\"http:\/\/budismo-valencia.com\/meditacion\/tecnica-meditacion-metta-bhavana\" target=\"_blank\">meditaci\u00f3n<\/a> a nuestro universo interior. Quien sabe, en alg\u00fan momento la ciencia descubra c\u00f3mo <a href=\"http:\/\/budismo-valencia.com\/meditacion\/tecnica-meditacion-metta-bhavana\" target=\"_blank\">la pr\u00e1ctica de metta<\/a>, puede influir en la salud de nuestro universo interior.<\/p>\n<hr \/>\n<ol>\n<li>Perlmutter, D y Loberg, K.\u00a0 Alimenta tu cerebro. Grijalbo, 2016<\/li>\n<li><span class=\"st\">Doctor Siri Carpenter, \u201cThat Gut Feeling\u201d, Am. Psychol. Assoc. 43, n\u00fam. 8 (<wbr \/>septiembre de 2012): 50, http:\/\/www.apa.org\/monitor\/ 2012\/09\/ gutfeeling.aspx<\/span><\/li>\n<li><span class=\"st\"><em>University<\/em> of <em>North Carolina School<\/em> of <em>Medicine<\/em>, \u201c<em>Gut Microbes Help<\/em> &#8230; Food\u201d, <em>ScienceDaily<\/em>, <em>12<\/em> de <em>septiembre<\/em> de <em>2012<\/em>; <em>fecha<\/em> de <em>acceso<\/em>: <em>8<\/em> de <em>enero<\/em> de <em>2015<\/em>, <em>http<\/em>:\/\/www.<em>sciencedaily<\/em>.com\/<em>releases<\/em>\/<em>2012<\/em>\/09\/120912125114.<wbr \/>htm.<\/span><\/li>\n<\/ol>\n<p>&nbsp;<\/p>\n<p><a href=\"http:\/\/www.respiravida.net\/cursos-actividades\/curso-online-fpc-amor20metta\" target=\"_blank\"><img loading=\"lazy\" decoding=\"async\" class=\"aligncenter wp-image-515 size-full\" src=\"http:\/\/mindful-eating.es\/wp-content\/uploads\/2017\/05\/kindfulnessH-01.jpg\" alt=\"kindfulnessH-01\" width=\"910\" height=\"142\" srcset=\"https:\/\/mindful-eating.es\/wp-content\/uploads\/2017\/05\/kindfulnessH-01.jpg 910w, https:\/\/mindful-eating.es\/wp-content\/uploads\/2017\/05\/kindfulnessH-01-300x47.jpg 300w, https:\/\/mindful-eating.es\/wp-content\/uploads\/2017\/05\/kindfulnessH-01-768x120.jpg 768w\" sizes=\"auto, (max-width: 910px) 100vw, 910px\" \/><\/a><\/p>\n<p>&nbsp;<\/p>\n<p>&nbsp;<\/p>\n","protected":false},"excerpt":{"rendered":"<p>Que todos los seres que existen, de\u0301biles o fuertes, altos, corpulentos o de complexio\u0301n mediana o baja, pequen\u0303os o grandes, todos sin excepcio\u0301n, visibles o invisibles, los que viven lejos o cerca, los que ya nacieron y los que esta\u0301n por nacer, \u00a1que todos ellos sean felices! Karaniya Metta Sutta Si crees que t\u00fa eres [&hellip;]<\/p>\n","protected":false},"author":1,"featured_media":0,"parent":0,"menu_order":0,"comment_status":"closed","ping_status":"closed","template":"","meta":{"footnotes":""},"class_list":["post-507","page","type-page","status-publish","hentry"],"aioseo_notices":[],"_links":{"self":[{"href":"https:\/\/mindful-eating.es\/index.php?rest_route=\/wp\/v2\/pages\/507","targetHints":{"allow":["GET"]}}],"collection":[{"href":"https:\/\/mindful-eating.es\/index.php?rest_route=\/wp\/v2\/pages"}],"about":[{"href":"https:\/\/mindful-eating.es\/index.php?rest_route=\/wp\/v2\/types\/page"}],"author":[{"embeddable":true,"href":"https:\/\/mindful-eating.es\/index.php?rest_route=\/wp\/v2\/users\/1"}],"replies":[{"embeddable":true,"href":"https:\/\/mindful-eating.es\/index.php?rest_route=%2Fwp%2Fv2%2Fcomments&post=507"}],"version-history":[{"count":8,"href":"https:\/\/mindful-eating.es\/index.php?rest_route=\/wp\/v2\/pages\/507\/revisions"}],"predecessor-version":[{"id":522,"href":"https:\/\/mindful-eating.es\/index.php?rest_route=\/wp\/v2\/pages\/507\/revisions\/522"}],"wp:attachment":[{"href":"https:\/\/mindful-eating.es\/index.php?rest_route=%2Fwp%2Fv2%2Fmedia&parent=507"}],"curies":[{"name":"wp","href":"https:\/\/api.w.org\/{rel}","templated":true}]}}