{"id":373,"date":"2016-12-20T18:01:24","date_gmt":"2016-12-20T16:01:24","guid":{"rendered":"http:\/\/mindful-eating.es\/?page_id=373"},"modified":"2022-02-10T23:36:08","modified_gmt":"2022-02-10T21:36:08","slug":"politica-de-cancelacion","status":"publish","type":"page","link":"https:\/\/mindful-eating.es\/?page_id=373","title":{"rendered":"Pol\u00edtica de cancelaci\u00f3n"},"content":{"rendered":"<p><img loading=\"lazy\" decoding=\"async\" class=\"alignright wp-image-374\" src=\"http:\/\/mindful-eating.es\/wp-content\/uploads\/2016\/12\/cancelar.png\" alt=\"cancelar\" width=\"338\" height=\"346\" srcset=\"https:\/\/mindful-eating.es\/wp-content\/uploads\/2016\/12\/cancelar.png 500w, https:\/\/mindful-eating.es\/wp-content\/uploads\/2016\/12\/cancelar-293x300.png 293w\" sizes=\"auto, (max-width: 338px) 100vw, 338px\" \/><\/p>\n<p><strong>Actividades presenciales<\/strong><\/p>\n<p>Si por cualquier eventualidad no pudieses asistir a una actividad presencial organizada por Mindful Eating Espa\u00f1a, nuestra pol\u00edtica de cancelaci\u00f3n y reembolso es la siguiente:<\/p>\n<ul>\n<li>Hasta 40 d\u00edas antes del inicio de la actividad: 100% del importe pagado.<\/li>\n<li>Hasta 30 d\u00edas antes del inicio de la actividad: 80% del importe pagado.<\/li>\n<li>Entre 29 y 15 d\u00edas antes del inicio de la actividad: 50 % del importe.<\/li>\n<li>Entre 15 d\u00edas antes del inicio de la actividad y antes de la segunda sesi\u00f3n de la actividad 40% del importe.<\/li>\n<li>Superada la segunda sesi\u00f3n de la actividad no se realiza reembolso.<\/li>\n<\/ul>\n<p><strong>Actividades online<\/strong><\/p>\n<p>Si por cualquier eventualidad no pudieses asistir a una actividad online en vivo organizada por Mindful Eating Espa\u00f1a, nuestra pol\u00edtica de cancelaci\u00f3n y reembolso es la siguiente:<\/p>\n<ul>\n<li>Hasta 30 d\u00edas antes del inicio de la actividad: 80% del importe pagado.<\/li>\n<li>Entre 30 d\u00edas antes y el inicio de la actividad: 50 % del importe.<\/li>\n<li>Iniciada la actividad no se realiza reembolso.<\/li>\n<\/ul>\n<p>En el caso de las actividades online grabadas no se realiza reembolso.<\/p>\n","protected":false},"excerpt":{"rendered":"<p>Actividades presenciales Si por cualquier eventualidad no pudieses asistir a una actividad presencial organizada por Mindful Eating Espa\u00f1a, nuestra pol\u00edtica de cancelaci\u00f3n y reembolso es la siguiente: Hasta 40 d\u00edas antes del inicio de la actividad: 100% del importe pagado. Hasta 30 d\u00edas antes del inicio de la actividad: 80% del importe pagado. Entre 29 [&hellip;]<\/p>\n","protected":false},"author":1,"featured_media":0,"parent":0,"menu_order":0,"comment_status":"closed","ping_status":"closed","template":"","meta":{"footnotes":""},"class_list":["post-373","page","type-page","status-publish","hentry"],"aioseo_notices":[],"_links":{"self":[{"href":"https:\/\/mindful-eating.es\/index.php?rest_route=\/wp\/v2\/pages\/373","targetHints":{"allow":["GET"]}}],"collection":[{"href":"https:\/\/mindful-eating.es\/index.php?rest_route=\/wp\/v2\/pages"}],"about":[{"href":"https:\/\/mindful-eating.es\/index.php?rest_route=\/wp\/v2\/types\/page"}],"author":[{"embeddable":true,"href":"https:\/\/mindful-eating.es\/index.php?rest_route=\/wp\/v2\/users\/1"}],"replies":[{"embeddable":true,"href":"https:\/\/mindful-eating.es\/index.php?rest_route=%2Fwp%2Fv2%2Fcomments&post=373"}],"version-history":[{"count":6,"href":"https:\/\/mindful-eating.es\/index.php?rest_route=\/wp\/v2\/pages\/373\/revisions"}],"predecessor-version":[{"id":1089,"href":"https:\/\/mindful-eating.es\/index.php?rest_route=\/wp\/v2\/pages\/373\/revisions\/1089"}],"wp:attachment":[{"href":"https:\/\/mindful-eating.es\/index.php?rest_route=%2Fwp%2Fv2%2Fmedia&parent=373"}],"curies":[{"name":"wp","href":"https:\/\/api.w.org\/{rel}","templated":true}]}}