{"id":292,"date":"2016-10-11T18:49:51","date_gmt":"2016-10-11T16:49:51","guid":{"rendered":"http:\/\/mindful-eating.es\/?page_id=292"},"modified":"2022-05-19T10:29:11","modified_gmt":"2022-05-19T08:29:11","slug":"guias-de-buenas-practicas-para-profesores-de-mindful-eating","status":"publish","type":"page","link":"https:\/\/mindful-eating.es\/?page_id=292","title":{"rendered":"Gu\u00edas de buenas pr\u00e1cticas para profesores de Mindful Eating"},"content":{"rendered":"<p><span id=\"result_box\" class=\"\" lang=\"es\"><span title=\"A Mindful Eating Teacher is defined as a professional who offers a Mindful Eating program during at least 18 hours and a minimum of 6 sessions to a group or individuals. \"><img loading=\"lazy\" decoding=\"async\" class=\"wp-image-293 alignleft\" src=\"http:\/\/mindful-eating.es\/wp-content\/uploads\/2016\/10\/directrices.png\" alt=\"directrices\" width=\"108\" height=\"87\" srcset=\"https:\/\/mindful-eating.es\/wp-content\/uploads\/2016\/10\/directrices.png 1167w, https:\/\/mindful-eating.es\/wp-content\/uploads\/2016\/10\/directrices-300x241.png 300w, https:\/\/mindful-eating.es\/wp-content\/uploads\/2016\/10\/directrices-768x616.png 768w, https:\/\/mindful-eating.es\/wp-content\/uploads\/2016\/10\/directrices-1024x821.png 1024w, https:\/\/mindful-eating.es\/wp-content\/uploads\/2016\/10\/directrices-100x80.png 100w\" sizes=\"auto, (max-width: 108px) 100vw, 108px\" \/><\/span><\/span><\/p>\n<p>&nbsp;<\/p>\n<p><em><span id=\"result_box\" class=\"\" lang=\"es\" style=\"color: #333399;\"><span title=\"A Mindful Eating Teacher is defined as a professional who offers a Mindful Eating program during at least 18 hours and a minimum of 6 sessions to a group or individuals. \">En Compassion &amp; Mindful Eating Espa\u00f1a nos adherimos a las gu\u00edas de buenas pr\u00e1cticas del Centro para la Alimentaci\u00f3n Consciente<br \/>\n<\/span><\/span><\/em><\/p>\n<hr \/>\n<p>&nbsp;<\/p>\n<p><span id=\"result_box\" class=\"\" lang=\"es\"><span title=\"A Mindful Eating Teacher is defined as a professional who offers a Mindful Eating program during at least 18 hours and a minimum of 6 sessions to a group or individuals. \">Un profesor de Mindful Eating se define como un profesional que ofrece un programa de Alimmentaci\u00f3n Consciente durante al menos 18 horas y un m\u00ednimo de 6 sesiones a un grupo o individuos.<\/span><\/span><\/p>\n<p><span title=\"The Center for Mindful Eating encourages professionals meet the following Good Practice Guidelines for Mindful Eating Teachers: \">El Centro para la Alimentaci\u00f3n Consciente (<a href=\"http:\/\/thecenterformindfuleating.org\/Mindful-Eating-Teachers\" target=\"_blank\" rel=\"noopener\">TCME<\/a>) alienta que los profesionales cumplan con las siguientes gu\u00edas de buenas pr\u00e1cticas para los Profesores de Mindful Eating :<\/span><\/p>\n<p><span title=\"1. A professional degree in mental or physical health care, education or social care, or background in ecology, biology or food technology science, with adherence to the ethical framework and best practice guidelines appropriate to the teacher\u2019s professional background and working context. \">1. Un t\u00edtulo profesional en el cuidado de la salud mental o f\u00edsica, la educaci\u00f3n o la asistencia social, o titulaci\u00f3n en ecolog\u00eda, biolog\u00eda o tecnolog\u00eda de los alimentos, con la adhesi\u00f3n a un marco \u00e9tico y gu\u00edas de buenas pr\u00e1cticas apropiadas a nivel profesional del profesor y en el contexto de trabajo.<\/span><\/p>\n<p><span title=\"2. Completion, as a participant, of a mindfulness based program such as Mindfulness-Based Stress Reduction (MBSR), Mindfulness-Based Cognitive Therapy, (MBCT) and\/or long-term practice under guidance of a senior teacher in a contemplative tradition\">2. Finalizaci\u00f3n, como participante, de un programa basado en mindfulness, como la Reducci\u00f3n del Estr\u00e9s basado en la atenci\u00f3n plena (MBSR), la terapia cognitiva basada en mindfulness, (MBCT) y \/ o en la pr\u00e1ctica a largo plazo bajo la gu\u00eda de un maestro de alto nivel en una tradici\u00f3n contemplativa <\/span><span title=\"(minimum 3 years). \">(m\u00ednimo 3 a\u00f1os).<\/span><\/p>\n<p><span title=\"3. Completion of a 5 day or longer in-person professional mindful eating teacher training which adheres to TCME\u2019s Guidelines for Mindful Eating Teacher Trainings. \">3. Realizaci\u00f3n una formaci\u00f3n de 5 o m\u00e1s d\u00edas en persona como profesor de alimentaci\u00f3n consciente (Mindful Eating) que se adhiere a las directrices del TCME para los <a href=\"http:\/\/thecenterformindfuleating.org\/Mindful-Eating-Teacher-Training\" target=\"_blank\" rel=\"noopener\">entrenamientos de Profesores de Mindful Eating<\/a>.<\/span><\/p>\n<p><span title=\"4. Completion of an online training is only equivalent when the participant has a Mindfulness based teacher background (attended a MBSR, MBCT or other MBI teacher training pathways) or long-term meditation practice under guidance of an experienced meditation teacher before the start of the\">4. Una formaci\u00f3n en l\u00ednea s\u00f3lo es equivalente cuando el participante tiene una formaci\u00f3n previa como profesor de mindfulness (ha asistido a una formaci\u00f3n de\u00a0 MBSR, MBCT u otras v\u00edas de formaci\u00f3n del profesorado MBI) o una pr\u00e1ctica de\u00a0 meditaci\u00f3n a largo plazo bajo la gu\u00eda de un maestro de meditaci\u00f3n experimentado antes del inicio de la <\/span><span title=\"online teacher training. \">formaci\u00f3n como profesor en l\u00ednea.<\/span><\/p>\n<p><span title=\"5. As part of the teacher training, the teacher-in-training is mentored by a senior mindful eating instructor during a minimum of 10 private sessions while offering a cycle of mindful eating program. \">5. Como parte de la formaci\u00f3n de los docentes, el profesor en formaci\u00f3n es adiestrado por un mentor de alimentaci\u00f3n consciente durante un m\u00ednimo de 10 sesiones privadas al tiempo que ofrece un curso de programa de alimentaci\u00f3n consciente.<\/span><\/p>\n<p><span title=\"6. Knowledge and experience of the specific populations that the mindful eating program will be delivered to (people with disordered eating behavior; such as overeating, binge eating, extreme restrictive eating, anorexia, bulimia and orthorexia), including experience of teaching, therapeutic or\">6. Tener un conocimiento y la experiencia de las poblaciones espec\u00edficas en que el programa de Mindful Eating ser\u00e1 impartido (personas con trastorno de conducta alimentaria, tales como comer en exceso, comer en exceso, comer restrictiva extrema, la anorexia, la bulimia y la ortorexia), incluida la experiencia de la ense\u00f1anza, terap\u00e9utico o <\/span><span title=\"other care provision with these groups and\/or individuals \">otra disposici\u00f3n cuidado con estos grupos y \/ o individuos.<\/span><\/p>\n<p><span title=\"7. Commitment to a personal mindfulness practice through daily formal and informal practice, and participation in at least one residential teacher-led silent mindfulness meditation retreat during the mindful eating training pathway.\">7. El compromiso con una pr\u00e1ctica personal de mindfulness a trav\u00e9s de la pr\u00e1ctica formal e informal a diario, y la participaci\u00f3n en al menos un retiro de silencio, mindfulness y meditaci\u00f3n dirigida por un maestro\u00a0 en formato residencial durante el itinerario de formaci\u00f3n de Mindful Eating. <\/span><span title=\"Annual mindfulness meditation retreats are recommended to maintain and deepen the practice of a mindful eating teacher. \">Se recomiendan los retiros anuales meditaci\u00f3n para mantener y profundizar en la pr\u00e1ctica de meditaci\u00f3n de un profesor\u00a0 mindful eating.<\/span><\/p>\n<p><span title=\"8. Commitment to ongoing development as a teacher through further training, keeping up to date with evidence-based research, and regular contact with other professionals who share the same values \">8. Compromiso con el desarrollo en curso como profesor a trav\u00e9s de la formaci\u00f3n continua, mantenerse al d\u00eda con la investigaci\u00f3n basada en la evidencia, y el contacto regular con otros profesionales que comparten los mismos valores<\/span><\/p>\n<p><span title=\"9. Supervision\/mentoring under guidance of an experienced mindful eating mentor during the teaching of minimum one mindful eating 8-week program.\">9. La supervisi\u00f3n \/ tutor\u00eda bajo la gu\u00eda de un tutor experimentado en mindful eating durante la ense\u00f1anza de un programa de 8 semanas de Mindful Eating como m\u00ednimo. Un mentor de mindful eating mentor <\/span><span title=\"A mindful eating mentor might be the trainer of a professional mindful eating teacher training or a mentor appointed by the trainer. \">podr\u00eda ser el entrenador de la formaci\u00f3n de un programa profesional de Mindful Eating\u00a0 o un tutor designado por el entrenador.<\/span><\/p>\n<p>Agradecimientos:<\/p>\n<p>Esta gu\u00eda esta basada en la \u00abGood Practice Guidelines of Mindfulness Based Interventions\u00bb. Nuestro especial agradecimiento a la UK Network for Mindfulness-Based Teachers.<\/p>\n<p>M\u00e1s informaci\u00f3n:<\/p>\n<p>Crane, R.S., Eames, C., Kuyken, W., Hastings, R.P., Williams, J.M., Bartley, T. et al. (2013) Development and validation of the mindfulness-based interventions &#8211; teaching assessment criteria (MBI:TAC). Assessment, 20, 681-688.<br \/>\nCrane, R.S., Kuyken, W., Hastings, R.P., Rothwell, N., Williams, J.M.G. (2010) Training teachers to deliver mindfulness-based interventions: Learning from the UK experience. Mindfulness, 1, 74-86.<br \/>\nCullen, M. (2011). Mindfulness-Based Interventions: An emerging phenomenon. Mindfulness, 2, 186-193.<br \/>\nUK Network of Mindfulness Teacher Training Organisations (www.mindfulnessteachersuk.org.uk): Good Practice<\/p>\n","protected":false},"excerpt":{"rendered":"<p>&nbsp; En Compassion &amp; Mindful Eating Espa\u00f1a nos adherimos a las gu\u00edas de buenas pr\u00e1cticas del Centro para la Alimentaci\u00f3n Consciente &nbsp; Un profesor de Mindful Eating se define como un profesional que ofrece un programa de Alimmentaci\u00f3n Consciente durante al menos 18 horas y un m\u00ednimo de 6 sesiones a un grupo o individuos. [&hellip;]<\/p>\n","protected":false},"author":1,"featured_media":0,"parent":0,"menu_order":0,"comment_status":"closed","ping_status":"closed","template":"","meta":{"footnotes":""},"class_list":["post-292","page","type-page","status-publish","hentry"],"aioseo_notices":[],"_links":{"self":[{"href":"https:\/\/mindful-eating.es\/index.php?rest_route=\/wp\/v2\/pages\/292","targetHints":{"allow":["GET"]}}],"collection":[{"href":"https:\/\/mindful-eating.es\/index.php?rest_route=\/wp\/v2\/pages"}],"about":[{"href":"https:\/\/mindful-eating.es\/index.php?rest_route=\/wp\/v2\/types\/page"}],"author":[{"embeddable":true,"href":"https:\/\/mindful-eating.es\/index.php?rest_route=\/wp\/v2\/users\/1"}],"replies":[{"embeddable":true,"href":"https:\/\/mindful-eating.es\/index.php?rest_route=%2Fwp%2Fv2%2Fcomments&post=292"}],"version-history":[{"count":6,"href":"https:\/\/mindful-eating.es\/index.php?rest_route=\/wp\/v2\/pages\/292\/revisions"}],"predecessor-version":[{"id":298,"href":"https:\/\/mindful-eating.es\/index.php?rest_route=\/wp\/v2\/pages\/292\/revisions\/298"}],"wp:attachment":[{"href":"https:\/\/mindful-eating.es\/index.php?rest_route=%2Fwp%2Fv2%2Fmedia&parent=292"}],"curies":[{"name":"wp","href":"https:\/\/api.w.org\/{rel}","templated":true}]}}