{"id":182,"date":"2016-06-06T06:33:09","date_gmt":"2016-06-06T04:33:09","guid":{"rendered":"http:\/\/mindful-eating.es\/?page_id=182"},"modified":"2022-05-18T16:47:38","modified_gmt":"2022-05-18T14:47:38","slug":"quienes-somos","status":"publish","type":"page","link":"https:\/\/mindful-eating.es\/?page_id=182","title":{"rendered":"Quienes somos"},"content":{"rendered":"<p><img loading=\"lazy\" decoding=\"async\" class=\"alignright wp-image-183 size-full\" title=\"monstruoestudio.tumblr.com\" src=\"http:\/\/mindful-eating.es\/wp-content\/uploads\/2016\/06\/sazonar-e1465187571347.jpg\" alt=\"sazonar\" width=\"1772\" height=\"580\" srcset=\"https:\/\/mindful-eating.es\/wp-content\/uploads\/2016\/06\/sazonar-e1465187571347.jpg 1772w, https:\/\/mindful-eating.es\/wp-content\/uploads\/2016\/06\/sazonar-e1465187571347-300x98.jpg 300w, https:\/\/mindful-eating.es\/wp-content\/uploads\/2016\/06\/sazonar-e1465187571347-768x251.jpg 768w, https:\/\/mindful-eating.es\/wp-content\/uploads\/2016\/06\/sazonar-e1465187571347-1024x335.jpg 1024w\" sizes=\"auto, (max-width: 1772px) 100vw, 1772px\" \/>La p\u00e1gina Compassion &amp; Mindful Eating es una iniciativa de <a href=\"https:\/\/www.respiravida.net\/\">RespiraVida BreathWorks<\/a> con el liderazgo de <a href=\"http:\/\/mindful-eating.es\/?page_id=185\">Silamani Guirao Goris<\/a><\/p>\n<p>Se trata de un proyecto de subsistencia correcta que surge de las ense\u00f1anzas de Bhante <a href=\"https:\/\/es.wikipedia.org\/wiki\/Sangharakshita\" target=\"_blank\" rel=\"noopener\">Sanghr\u00e1kshita <\/a>que trajo a occidente las ense\u00f1anzas tradicionales del Budismo y que fund\u00f3 la <a href=\"https:\/\/es.wikipedia.org\/wiki\/Comunidad_budista_Triratna\" target=\"_blank\" rel=\"noopener\">Orden Budista Triratna<\/a>. Este proyecto surgido de estas ense\u00f1anzas se trata de un proyecto laico que tiene entre sus fines fundacionales los siguientes:<\/p>\n<ul>\n<li>Promover y difundir el uso de la compasi\u00f3n y de la atenci\u00f3n consciente o mindfulness\u00a0 como medio para alcanzar una vida m\u00e1s plena.<\/li>\n<li>Ayudar a aliviar el sufrimiento que en ocasiones nos produce una relaci\u00f3n distorsionada con la comida favoreciendo la capacitaci\u00f3n de las personas para aprender a manejar y gestionar mejor su relaci\u00f3n con la misma.<\/li>\n<li>Estimular la utilizaci\u00f3n de la compasi\u00f3n y mindfulness como herramienta de acci\u00f3n profesional en las ciencias de la salud y la alimentaci\u00f3n.<\/li>\n<li>Apoyar la difusi\u00f3n de las ense\u00f1anzas tradicionales budistas, aportando un di\u00e1logo entre tradici\u00f3n y ciencia.<\/li>\n<\/ul>\n","protected":false},"excerpt":{"rendered":"<p>La p\u00e1gina Compassion &amp; Mindful Eating es una iniciativa de RespiraVida BreathWorks con el liderazgo de Silamani Guirao Goris Se trata de un proyecto de subsistencia correcta que surge de las ense\u00f1anzas de Bhante Sanghr\u00e1kshita que trajo a occidente las ense\u00f1anzas tradicionales del Budismo y que fund\u00f3 la Orden Budista Triratna. Este proyecto surgido de [&hellip;]<\/p>\n","protected":false},"author":1,"featured_media":0,"parent":0,"menu_order":0,"comment_status":"closed","ping_status":"closed","template":"","meta":{"footnotes":""},"class_list":["post-182","page","type-page","status-publish","hentry"],"aioseo_notices":[],"_links":{"self":[{"href":"https:\/\/mindful-eating.es\/index.php?rest_route=\/wp\/v2\/pages\/182","targetHints":{"allow":["GET"]}}],"collection":[{"href":"https:\/\/mindful-eating.es\/index.php?rest_route=\/wp\/v2\/pages"}],"about":[{"href":"https:\/\/mindful-eating.es\/index.php?rest_route=\/wp\/v2\/types\/page"}],"author":[{"embeddable":true,"href":"https:\/\/mindful-eating.es\/index.php?rest_route=\/wp\/v2\/users\/1"}],"replies":[{"embeddable":true,"href":"https:\/\/mindful-eating.es\/index.php?rest_route=%2Fwp%2Fv2%2Fcomments&post=182"}],"version-history":[{"count":6,"href":"https:\/\/mindful-eating.es\/index.php?rest_route=\/wp\/v2\/pages\/182\/revisions"}],"predecessor-version":[{"id":1108,"href":"https:\/\/mindful-eating.es\/index.php?rest_route=\/wp\/v2\/pages\/182\/revisions\/1108"}],"wp:attachment":[{"href":"https:\/\/mindful-eating.es\/index.php?rest_route=%2Fwp%2Fv2%2Fmedia&parent=182"}],"curies":[{"name":"wp","href":"https:\/\/api.w.org\/{rel}","templated":true}]}}