{"id":171,"date":"2016-06-05T14:39:10","date_gmt":"2016-06-05T12:39:10","guid":{"rendered":"http:\/\/mindful-eating.es\/?page_id=171"},"modified":"2016-06-05T15:21:07","modified_gmt":"2016-06-05T13:21:07","slug":"bibliografia","status":"publish","type":"page","link":"https:\/\/mindful-eating.es\/?page_id=171","title":{"rendered":"Bibliograf\u00eda"},"content":{"rendered":"<p><strong><img loading=\"lazy\" decoding=\"async\" class=\"alignright wp-image-172 size-full\" src=\"http:\/\/mindful-eating.es\/wp-content\/uploads\/2016\/06\/libro-e1465131127960.jpg\" alt=\"libro\" width=\"4709\" height=\"1650\" srcset=\"https:\/\/mindful-eating.es\/wp-content\/uploads\/2016\/06\/libro-e1465131127960.jpg 4709w, https:\/\/mindful-eating.es\/wp-content\/uploads\/2016\/06\/libro-e1465131127960-300x105.jpg 300w, https:\/\/mindful-eating.es\/wp-content\/uploads\/2016\/06\/libro-e1465131127960-768x269.jpg 768w, https:\/\/mindful-eating.es\/wp-content\/uploads\/2016\/06\/libro-e1465131127960-1024x359.jpg 1024w\" sizes=\"auto, (max-width: 4709px) 100vw, 4709px\" \/>Libros en espa\u00f1ol<\/strong><\/p>\n<ul>\n<li>Jan Chozen Bays (2013). Comer atentos. Gu\u00eda para redescubrir una relaci\u00f3n sana con los alimentos. Barcelona: Kair\u00f3s.<\/li>\n<li>Thich Nhat Hanh y Lilian Cheung (2011). Saborear. Mindfulness para comer y vivir bien. Madrid: Oniro.<\/li>\n<li>Susan Albers (2010) Mindfulness y alimentaci\u00f3n. C\u00f3mo relacionarse con la comida de una manera equilibrada. Madrid: Oniro.<\/li>\n<li>Rona Kabatznick (1999). El zen de la alimentaci\u00f3n. Barcelona: Oniro.<\/li>\n<\/ul>\n<p><strong>Recursos en internet relacionados con la alimentaci\u00f3n<\/strong><\/p>\n<ul>\n<li><a href=\"http:\/\/www.mindfuleatingmexico.com\/\" target=\"_blank\">Mindful Eating M\u00e9xico<\/a><\/li>\n<li><a href=\"http:\/\/www.mindfuleating.cl\/\" target=\"_blank\">Mindful Eating Chile<\/a><\/li>\n<li><a href=\"http:\/\/www.thecenterformindfuleating.org\/\" target=\"_blank\">The Center for Mindful Eating<\/a><\/li>\n<li><a href=\"http:\/\/www.thecenterformindfuleating.org\/RecursosEspanol\" target=\"_blank\">The Center for Mindful Eating (Recursos en espa\u00f1ol)<\/a><\/li>\n<li><a href=\"http:\/\/slowfood.es\/\" target=\"_blank\">Slow Food Espa\u00f1a<\/a><\/li>\n<li><a href=\"http:\/\/www.comedorescompulsivos.es\/\" target=\"_blank\">Comedores Compulsivos An\u00f3nimos Espa\u00f1a<\/a><\/li>\n<\/ul>\n","protected":false},"excerpt":{"rendered":"<p>Libros en espa\u00f1ol Jan Chozen Bays (2013). Comer atentos. Gu\u00eda para redescubrir una relaci\u00f3n sana con los alimentos. Barcelona: Kair\u00f3s. Thich Nhat Hanh y Lilian Cheung (2011). Saborear. Mindfulness para comer y vivir bien. Madrid: Oniro. Susan Albers (2010) Mindfulness y alimentaci\u00f3n. C\u00f3mo relacionarse con la comida de una manera equilibrada. Madrid: Oniro. Rona Kabatznick [&hellip;]<\/p>\n","protected":false},"author":1,"featured_media":0,"parent":0,"menu_order":0,"comment_status":"closed","ping_status":"closed","template":"","meta":{"footnotes":""},"class_list":["post-171","page","type-page","status-publish","hentry"],"aioseo_notices":[],"_links":{"self":[{"href":"https:\/\/mindful-eating.es\/index.php?rest_route=\/wp\/v2\/pages\/171","targetHints":{"allow":["GET"]}}],"collection":[{"href":"https:\/\/mindful-eating.es\/index.php?rest_route=\/wp\/v2\/pages"}],"about":[{"href":"https:\/\/mindful-eating.es\/index.php?rest_route=\/wp\/v2\/types\/page"}],"author":[{"embeddable":true,"href":"https:\/\/mindful-eating.es\/index.php?rest_route=\/wp\/v2\/users\/1"}],"replies":[{"embeddable":true,"href":"https:\/\/mindful-eating.es\/index.php?rest_route=%2Fwp%2Fv2%2Fcomments&post=171"}],"version-history":[{"count":4,"href":"https:\/\/mindful-eating.es\/index.php?rest_route=\/wp\/v2\/pages\/171\/revisions"}],"predecessor-version":[{"id":181,"href":"https:\/\/mindful-eating.es\/index.php?rest_route=\/wp\/v2\/pages\/171\/revisions\/181"}],"wp:attachment":[{"href":"https:\/\/mindful-eating.es\/index.php?rest_route=%2Fwp%2Fv2%2Fmedia&parent=171"}],"curies":[{"name":"wp","href":"https:\/\/api.w.org\/{rel}","templated":true}]}}