{"id":145,"date":"2016-06-05T10:08:14","date_gmt":"2016-06-05T08:08:14","guid":{"rendered":"http:\/\/mindful-eating.es\/?page_id=145"},"modified":"2018-09-03T14:13:37","modified_gmt":"2018-09-03T12:13:37","slug":"politica-de-proteccion-de-datos","status":"publish","type":"page","link":"https:\/\/mindful-eating.es\/?page_id=145","title":{"rendered":"Pol\u00edtica de protecci\u00f3n de datos"},"content":{"rendered":"<p><span style=\"color: #333300;\">Esta web es una iniciativa sustentada por RespiraVida BreathWorks. <\/span><\/p>\n<p><em>Responsable: <\/em><\/p>\n<p><em>RESPIRAVIDA BREATHWORKS MINDFULNESS &amp; COMPASSION INSTITUTE S.L.<\/em> <em>&#8211; NIF: B98907561 Dir. Postal: CALLE VICENTE RIOS ENRIQUE 6-ESCA3-P\/13 &#8211; 46015 &#8211; VALENCIA &#8211; VALENCIA\u00a0\u00a0 <\/em><\/p>\n<p><em>\u00a0<\/em><\/p>\n<p><span style=\"color: #333300;\"><em>\u201cEn RespiraVida BreathWorks tratamos la informaci\u00f3n que nos facilita con el fin de enviarle publicidad relacionada con nuestros productos y servicios por email e invitarle a eventos organizados por la entidad. Los datos proporcionados se conservar\u00e1n mientras no solicite el cese de la actividad. Los datos no se ceder\u00e1n a terceros salvo en los casos en que exista una obligaci\u00f3n legal. Usted tiene derecho a obtener confirmaci\u00f3n sobre si en RESPIRAVIDA BREATHWORKS MINDFULNESS &amp; COMPASSION INSTITUTE S.L. estamos tratando sus datos personales por tanto tiene derecho a acceder a sus datos personales, rectificar los datos inexacto o solicitar su supresi\u00f3n cuando los datos ya no sean necesarios para los fines que fueron recogidos\u201d\u00a0<\/em><\/span><\/p>\n<p><span style=\"color: #333300;\">Podr\u00e1 ejercer los derechos de oposici\u00f3n, acceso, rectificaci\u00f3n y cancelaci\u00f3n de sus datos remitiendo un escrito con su nombre y apellidos al email: info@respiravida.net indicando que desea darse de baja de la base de datos.<br \/>\n<\/span><\/p>\n","protected":false},"excerpt":{"rendered":"<p>Esta web es una iniciativa sustentada por RespiraVida BreathWorks. Responsable: RESPIRAVIDA BREATHWORKS MINDFULNESS &amp; COMPASSION INSTITUTE S.L. &#8211; NIF: B98907561 Dir. Postal: CALLE VICENTE RIOS ENRIQUE 6-ESCA3-P\/13 &#8211; 46015 &#8211; VALENCIA &#8211; VALENCIA\u00a0\u00a0 \u00a0 \u201cEn RespiraVida BreathWorks tratamos la informaci\u00f3n que nos facilita con el fin de enviarle publicidad relacionada con nuestros productos y servicios [&hellip;]<\/p>\n","protected":false},"author":1,"featured_media":0,"parent":0,"menu_order":0,"comment_status":"closed","ping_status":"closed","template":"","meta":{"footnotes":""},"class_list":["post-145","page","type-page","status-publish","hentry"],"aioseo_notices":[],"_links":{"self":[{"href":"https:\/\/mindful-eating.es\/index.php?rest_route=\/wp\/v2\/pages\/145","targetHints":{"allow":["GET"]}}],"collection":[{"href":"https:\/\/mindful-eating.es\/index.php?rest_route=\/wp\/v2\/pages"}],"about":[{"href":"https:\/\/mindful-eating.es\/index.php?rest_route=\/wp\/v2\/types\/page"}],"author":[{"embeddable":true,"href":"https:\/\/mindful-eating.es\/index.php?rest_route=\/wp\/v2\/users\/1"}],"replies":[{"embeddable":true,"href":"https:\/\/mindful-eating.es\/index.php?rest_route=%2Fwp%2Fv2%2Fcomments&post=145"}],"version-history":[{"count":6,"href":"https:\/\/mindful-eating.es\/index.php?rest_route=\/wp\/v2\/pages\/145\/revisions"}],"predecessor-version":[{"id":802,"href":"https:\/\/mindful-eating.es\/index.php?rest_route=\/wp\/v2\/pages\/145\/revisions\/802"}],"wp:attachment":[{"href":"https:\/\/mindful-eating.es\/index.php?rest_route=%2Fwp%2Fv2%2Fmedia&parent=145"}],"curies":[{"name":"wp","href":"https:\/\/api.w.org\/{rel}","templated":true}]}}