{"id":1447,"date":"2025-10-10T11:09:20","date_gmt":"2025-10-10T09:09:20","guid":{"rendered":"https:\/\/mindful-eating.es\/?page_id=1447"},"modified":"2026-02-03T15:05:04","modified_gmt":"2026-02-03T13:05:04","slug":"formacion-de-profesor-de-kindful-eating-2","status":"publish","type":"page","link":"https:\/\/mindful-eating.es\/?page_id=1447","title":{"rendered":"Formaci\u00f3n de facilitador de Kindful &#038; Mindful Eating"},"content":{"rendered":"<p><img loading=\"lazy\" decoding=\"async\" class=\"alignleft wp-image-1126\" src=\"http:\/\/mindful-eating.es\/wp-content\/uploads\/2022\/05\/Kindful-Eating.png\" alt=\"\" width=\"141\" height=\"156\" srcset=\"https:\/\/mindful-eating.es\/wp-content\/uploads\/2022\/05\/Kindful-Eating.png 405w, https:\/\/mindful-eating.es\/wp-content\/uploads\/2022\/05\/Kindful-Eating-271x300.png 271w\" sizes=\"auto, (max-width: 141px) 100vw, 141px\" \/><a href=\"https:\/\/wa.me\/34673801669?text=Hola.%20Me%20gustar%C3%ADa%20saber%20m%C3%A1s%20sobre%20las%20formaciones%20de%20facilitador%20de%20Kindful%20y%20Mindful%20Eating%20que%20ofrec%C3%A9is.%20Muchas%20gracias\"><img loading=\"lazy\" decoding=\"async\" class=\"alignright size-thumbnail wp-image-1465\" src=\"http:\/\/mindful-eating.es\/wp-content\/uploads\/2026\/02\/Whatsapp-150x150.png\" alt=\"\" width=\"150\" height=\"150\" srcset=\"https:\/\/mindful-eating.es\/wp-content\/uploads\/2026\/02\/Whatsapp-150x150.png 150w, https:\/\/mindful-eating.es\/wp-content\/uploads\/2026\/02\/Whatsapp-300x300.png 300w, https:\/\/mindful-eating.es\/wp-content\/uploads\/2026\/02\/Whatsapp-1024x1024.png 1024w, https:\/\/mindful-eating.es\/wp-content\/uploads\/2026\/02\/Whatsapp-768x768.png 768w, https:\/\/mindful-eating.es\/wp-content\/uploads\/2026\/02\/Whatsapp.png 1080w\" sizes=\"auto, (max-width: 150px) 100vw, 150px\" \/><\/a>En Compassion &amp; Mindful Eating Espa\u00f1a formamos profesores y <strong>facilitadores en alimentaci\u00f3n consciente bondadosa<\/strong> y c\u00f3mo aplicar mindfulness en la alimentaci\u00f3n. Aplicar la compasi\u00f3n a nuestra alimentaci\u00f3n y nuestra vida es una de las mejores estrategias para superar los enfoques de mejora de la salud que se basan en el p\u00e9rdida de peso y en las dietas con resultados muchas veces contraproducentes y decepcionantes.<\/p>\n<p>En Mindful Eating Espa\u00f1a ofrecemos cursos de mindfulness, alimentaci\u00f3n consciente y compasi\u00f3n que te pueden ayudar a vivir una vida m\u00e1s plena. Tambi\u00e9n ofrecemos una formaci\u00f3n especializada como <strong>facilitador de Mindful Eating<\/strong> que sigue los criterios del Centro Internacional de Alimentaci\u00f3n Consciente.<\/p>\n<p>Esta formaci\u00f3n de <a href=\"http:\/\/respiravida.net\" target=\"_blank\" rel=\"noopener\">RespiraVida BreathWorks<\/a> y nuestros cursos se llevan a cabo siguiendo los est\u00e1ndares del <a href=\"http:\/\/mindful-eating.es\/?page_id=292\" target=\"_blank\" rel=\"noopener\">Center for Mindful Eating<\/a>,\u00a0 la <a href=\"https:\/\/bamba.org.uk\/\" target=\"_blank\" rel=\"noopener\">BAMBA (British Association of Mindfulness Based Approaches)<\/a> , y la <a href=\"http:\/\/www.redprogramasmindfulness.org\/\" target=\"_blank\" rel=\"noopener\">Red Espa\u00f1ola de Programas Estandarizados de Mindfulness y Compasi\u00f3n<\/a>.<\/p>\n<p>Esta formaci\u00f3n se centra en <strong>Kindful Eating<\/strong>: la intersecci\u00f3n entre la compasi\u00f3n y mindfulness, la alimentaci\u00f3n y nuestra relaci\u00f3n con la comida es el foco de esta formaci\u00f3n profesional. Inherentes a esa coyuntura est\u00e1n los pensamientos, las emociones y las sensaciones f\u00edsicas que afectan la forma en que nos relacionamos con la comida y nuestro cuerpo de manera h\u00e1bil y torpe.<\/p>\n<p>La capacitaci\u00f3n enfatiza el compromiso experiencial en las pr\u00e1cticas de meditaci\u00f3n de atenci\u00f3n plena y los ejercicios de Alimentaci\u00f3n Bondadosa Consciente, de modo que el facilitador al finalizar su formaci\u00f3n profesional pueda transmitir los beneficios de estos ejercicios a los clientes y pacientes en una variedad de entornos. <span style=\"color: #ffffff;\">Lleva mindfulness eating a tu vida\u00a0<\/span><\/p>\n<p>&nbsp;<\/p>\n<p>&nbsp;<\/p>\n<div id=\"accordions-1451\" class=\"accordions-1451 accordions\" data-accordions={&quot;lazyLoad&quot;:true,&quot;id&quot;:&quot;1451&quot;,&quot;event&quot;:&quot;click&quot;,&quot;collapsible&quot;:&quot;true&quot;,&quot;heightStyle&quot;:&quot;content&quot;,&quot;animateStyle&quot;:&quot;swing&quot;,&quot;animateDelay&quot;:1000,&quot;navigation&quot;:true,&quot;active&quot;:999,&quot;expandedOther&quot;:&quot;no&quot;}>\r\n                <div id=\"accordions-lazy-1451\" class=\"accordions-lazy\" accordionsId=\"1451\">\r\n                    <\/div>\r\n\r\n    <div class=\"items\"  style=\"display:none\" >\r\n    \r\n            <div post_id=\"1451\" itemcount=\"0\"  header_id=\"header-1760089699735\" id=\"header-1760089699735\" style=\"\" class=\"accordions-head head1760089699735 \" toggle-text=\"\" main-text=\"El programa de Kindful Eating\">\r\n                                    <span id=\"accordion-icons-1760089699735\" class=\"accordion-icons\">\r\n                        <span class=\"accordion-icon-active accordion-plus\"><i class=\"fas fa-chevron-up\"><\/i><\/span>\r\n                        <span class=\"accordion-icon-inactive accordion-minus\"><i class=\"fas fa-chevron-right\"><\/i><\/span>\r\n                    <\/span>\r\n                    <span id=\"header-text-1760089699735\" class=\"accordions-head-title\">El programa de Kindful Eating<\/span>\r\n                            <\/div>\r\n            <div class=\"accordion-content content1760089699735 \">\r\n                <p><img loading=\"lazy\" decoding=\"async\" width=\"300\" height=\"161\" class=\"alignright wp-image-1154 size-medium\" src=\"http:\/\/mindful-eating.es\/wp-content\/uploads\/2022\/05\/logos-kindful-eating-apaisado-2--300x161.png\" alt=\"\" srcset=\"https:\/\/mindful-eating.es\/wp-content\/uploads\/2022\/05\/logos-kindful-eating-apaisado-2--300x161.png 300w, https:\/\/mindful-eating.es\/wp-content\/uploads\/2022\/05\/logos-kindful-eating-apaisado-2-.png 738w\" sizes=\"auto, (max-width: 300px) 100vw, 300px\" \/>El programa Kindful & Mindful Eating de <a href=\"https:\/\/respiravida.net\">RespiraVida BreathWorks<\/a> es un programa centrado en la compasi\u00f3n que est\u00e1 basado las ense\u00f1anzas del Buda y con aspectos del programa MBPM de Vidyamala Burch, el programa ME-CL desarrollado por Jan Chozen Bays y Char Wilkins, y aspectos de la Autocompasi\u00f3n elaborados por Kristin Neff. Un aspecto importante del programa es que toma como base las ense\u00f1anzas milenarias de la tradici\u00f3n budista tray\u00e9ndolas a un contexto laico del que se puede beneficiar cualquier persona sin tener que ser necesariamente budista. Esta integraci\u00f3n ha sido realizada por Silamani Guirao, quien por m\u00e1s de 15 a\u00f1os ha incorporado estas perspectiva en el manejo de sus propias dificultades en la alimentaci\u00f3n y poniendo \u00e9nfasis en la aceptaci\u00f3n y la compasi\u00f3n.<\/p>\n<p>Para ver m\u00e1s detalles de este programa estandarizado de RespiraVida BreathWorks visita el siguiente <a href=\"http:\/\/mindful-eating.es\/?page_id=1135\" target=\"_blank\" rel=\"noopener\">enlace<\/a><\/p>\n            <\/div>\r\n    \r\n            <div post_id=\"1451\" itemcount=\"1\"  header_id=\"header-1760089738196\" id=\"header-1760089738196\" style=\"\" class=\"accordions-head head1760089738196 \" toggle-text=\"\" main-text=\"Que puedes esperar de nuestra formaci\u00f3n\">\r\n                                    <span id=\"accordion-icons-1760089738196\" class=\"accordion-icons\">\r\n                        <span class=\"accordion-icon-active accordion-plus\"><i class=\"fas fa-chevron-up\"><\/i><\/span>\r\n                        <span class=\"accordion-icon-inactive accordion-minus\"><i class=\"fas fa-chevron-right\"><\/i><\/span>\r\n                    <\/span>\r\n                    <span id=\"header-text-1760089738196\" class=\"accordions-head-title\">Que puedes esperar de nuestra formaci\u00f3n<\/span>\r\n                            <\/div>\r\n            <div class=\"accordion-content content1760089738196 \">\r\n                <p>Con esta formaci\u00f3n podr\u00e1s obtener dos titulaciones:<\/p>\n<p>\u2014 Facilitador de Kindful & Mindful Eating al finalizar la fase formativa KE2 (esta titulaci\u00f3n es muy adecuada para aquellos profesionales de la salud que deseen aplicar los principios de Kindful & Mindful Eating en su pr\u00e1ctica profesional pero no desean facilitar el programa en formato grupal)<\/p>\n<p>\u2014 Profesor Entrenado de Kindful & Mindful Eating con capacitaci\u00f3n para impartir el \"<a href=\"http:\/\/mindful-eating.es\/?page_id=1135\">Curso Kindful & Mindful Eating :: Alimentaci\u00f3n Bondadosa Consciente CME<\/a>\" en su formato presencial u online de ocho semanas; al finalizar la fase KE3.<\/p>\n<p>Estas titulaciones est\u00e1n avaladas por <a href=\"http:\/\/respiravida.net\">RespiraVida BreathWorks<\/a><\/p>\n            <\/div>\r\n    \r\n            <div post_id=\"1451\" itemcount=\"2\"  header_id=\"header-1760089821967\" id=\"header-1760089821967\" style=\"\" class=\"accordions-head head1760089821967 \" toggle-text=\"\" main-text=\"Ser facilitador de Kindful y Mindful Eating\">\r\n                                    <span id=\"accordion-icons-1760089821967\" class=\"accordion-icons\">\r\n                        <span class=\"accordion-icon-active accordion-plus\"><i class=\"fas fa-chevron-up\"><\/i><\/span>\r\n                        <span class=\"accordion-icon-inactive accordion-minus\"><i class=\"fas fa-chevron-right\"><\/i><\/span>\r\n                    <\/span>\r\n                    <span id=\"header-text-1760089821967\" class=\"accordions-head-title\">Ser facilitador de Kindful y Mindful Eating<\/span>\r\n                            <\/div>\r\n            <div class=\"accordion-content content1760089821967 \">\r\n                <p>Uno de los ejes centrales de nuestra formaci\u00f3n de facilitadores que cada uno de ellos, encarne Kindful & Mindful Eating:\u00a0 la alimentaci\u00f3n bondadosa consciente (Kindful & Mindful Eating).<\/p>\n<p>Es por este motivo que nuestra formaci\u00f3n, adem\u00e1s de proveerte de instrucciones para establecer una pr\u00e1ctica personal profunda, es un compromiso de mantener viva y actualizada la pr\u00e1ctica de mindfulness y compasi\u00f3n durante los a\u00f1os que ejerzas como facilitador.<\/p>\n            <\/div>\r\n    \r\n            <div post_id=\"1451\" itemcount=\"3\"  header_id=\"header-1760089980388\" id=\"header-1760089980388\" style=\"\" class=\"accordions-head head1760089980388 \" toggle-text=\"\" main-text=\"Requisitos\">\r\n                                    <span id=\"accordion-icons-1760089980388\" class=\"accordion-icons\">\r\n                        <span class=\"accordion-icon-active accordion-plus\"><i class=\"fas fa-chevron-up\"><\/i><\/span>\r\n                        <span class=\"accordion-icon-inactive accordion-minus\"><i class=\"fas fa-chevron-right\"><\/i><\/span>\r\n                    <\/span>\r\n                    <span id=\"header-text-1760089980388\" class=\"accordions-head-title\">Requisitos<\/span>\r\n                            <\/div>\r\n            <div class=\"accordion-content content1760089980388 \">\r\n                <p>\u2014 Para poder acceder a la formaci\u00f3n es necesario tener una pr\u00e1ctica habitual de mindfulness y compasi\u00f3n durante al menos un a\u00f1o.<\/p>\n<p>\u2014 Haber realizado el programa <a href=\"http:\/\/mindful-eating.es\/?page_id=1135\">Kindful & Mindful Eating :: Alimentaci\u00f3n Bondadosa Consciente (KME)<\/a> o en su defecto para acceder a la formaci\u00f3n haber realizado un programa estandarizado de 8 semanas de mindfulness o compasi\u00f3n [ en este caso durante el proceso formativo deber\u00e1 realizar como participante el curso de <a href=\"http:\/\/mindful-eating.es\/?page_id=1135\">Kindful & Mindful Eating :: Alimentaci\u00f3n Bondadosa Consciente (KME)<\/a> ]<\/p>\n<p>\u2014 Haber realizado un retiro de mindfulness, meditaci\u00f3n y silencio en el \u00faltimo a\u00f1o. (Este criterio se puede alcanzar mientras se realiza el proceso formativo)<\/p>\n<p>\u2014 Para acceder a la formaci\u00f3n es necesario cumplimentar una encuesta integral de salud, para valorar si la condici\u00f3n de salud permite el acceso a esta formaci\u00f3n.<\/p>\n            <\/div>\r\n    \r\n            <div post_id=\"1451\" itemcount=\"4\"  header_id=\"header-1760090030475\" id=\"header-1760090030475\" style=\"\" class=\"accordions-head head1760090030475 \" toggle-text=\"\" main-text=\"Etapas de la formaci\u00f3n\">\r\n                                    <span id=\"accordion-icons-1760090030475\" class=\"accordion-icons\">\r\n                        <span class=\"accordion-icon-active accordion-plus\"><i class=\"fas fa-chevron-up\"><\/i><\/span>\r\n                        <span class=\"accordion-icon-inactive accordion-minus\"><i class=\"fas fa-chevron-right\"><\/i><\/span>\r\n                    <\/span>\r\n                    <span id=\"header-text-1760090030475\" class=\"accordions-head-title\">Etapas de la formaci\u00f3n<\/span>\r\n                            <\/div>\r\n            <div class=\"accordion-content content1760090030475 \">\r\n                <p><strong>KE1: Fundamentos.<\/strong><\/p>\n<p>Esta etapa consiste en ofrecer los niveles b\u00e1sicos de la formaci\u00f3n en las competencias b\u00e1sicas MBI-TAC adaptadas para el programa KME. Se hace especial \u00e9nfasis en sentar las bases te\u00f3ricas y pr\u00e1cticas del programa y de tu formaci\u00f3n en el mismo. Al inscribirte en este nivel de informaci\u00f3n se te da acceso a una plataforma de aprendizaje en la que dispones de audios y material bibliogr\u00e1fico y videos .<\/p>\n<p>Esta formaci\u00f3n se imparte en formato online durante un fin de semana y se aborda la estructura del programa, c\u00f3mo guiar meditaciones, los estilos de aprendizaje, indagaci\u00f3n y diarios de meditaci\u00f3n. Consta de dos sesiones online en vivo (una sesi\u00f3n s\u00e1bado y otra domingo) y sesiones grabadas.<\/p>\n<p><strong>KE2: Facilitador de Kindful Eating<br \/>\n<\/strong><\/p>\n<p>El entrenamiento\u00a0 incluye instrucci\u00f3n did\u00e1ctica, meditaci\u00f3n experiencial y ejercicios de alimentaci\u00f3n, investigaci\u00f3n y di\u00e1logo grupal, pr\u00e1cticas de guiar meditaciones e indagaci\u00f3n, investigaci\u00f3n actual y tiempo para la reflexi\u00f3n personal. Esta capacitaci\u00f3n ofrece un enfoque multifac\u00e9tico de la Alimentaci\u00f3n Bondadosa Consciente y est\u00e1 dise\u00f1ada para alentar a los estudiantes a utilizar el marco de alimentaci\u00f3n bondadosa consciente para crear un enfoque que sea apropiado para las necesidades de su poblaci\u00f3n.<\/p>\n<p>Despu\u00e9s de completar la capacitaci\u00f3n, los asistentes estar\u00e1n equipados para facilitar contenidos b\u00e1sicos en su entorno. Los asistentes recibir\u00e1n <strong>las notas de cinco minim\u00f3dulos<\/strong> para poder dise\u00f1ar sus propias sesiones de Kindful Eating en su entorno profesional<\/p>\n<p>Los cinco minimodulos son:<\/p>\n<ul>\n<li><img alt=\"\" \/>Despertando la bondad en el plato<\/li>\n<li>Explorando el hambre con curiosidad y amabilidad.<\/li>\n<li>Saboreando el presente con todos los sentidos.<\/li>\n<li>Nutriendo las emociones con autocompasi\u00f3n.<\/li>\n<li>Cultivando una relaci\u00f3n bondadosa con el cuerpo.<\/li>\n<\/ul>\n            <\/div>\r\n    \r\n            <div post_id=\"1451\" itemcount=\"5\"  header_id=\"header-1760090349221\" id=\"header-1760090349221\" style=\"\" class=\"accordions-head head1760090349221 \" toggle-text=\"\" main-text=\"Precios 2026\">\r\n                                    <span id=\"accordion-icons-1760090349221\" class=\"accordion-icons\">\r\n                        <span class=\"accordion-icon-active accordion-plus\"><i class=\"fas fa-chevron-up\"><\/i><\/span>\r\n                        <span class=\"accordion-icon-inactive accordion-minus\"><i class=\"fas fa-chevron-right\"><\/i><\/span>\r\n                    <\/span>\r\n                    <span id=\"header-text-1760090349221\" class=\"accordions-head-title\">Precios 2026<\/span>\r\n                            <\/div>\r\n            <div class=\"accordion-content content1760090349221 \">\r\n                <p>KE1: 245 \u20ac<\/p>\n<p>KE2: Docencia: 825 \u20ac<\/p>\n            <\/div>\r\n    <\/div>\r\n\r\n\r\n\r\n            <\/div>\n<p><strong>Inicia tu formaci\u00f3n como Facilitador de Kindful y Mindful Eating<\/strong><\/p>\n<table style=\"border-collapse: collapse; width: 99.7163%; height: 698px;\" border=\"1\">\n<tbody>\n<tr style=\"height: 247px;\">\n<td style=\"width: 24.8933%; height: 247px;\"><img loading=\"lazy\" decoding=\"async\" class=\"aligncenter wp-image-1237\" src=\"http:\/\/mindful-eating.es\/wp-content\/uploads\/2023\/05\/Nivel-KE0-1.png\" alt=\"\" width=\"200\" height=\"256\" srcset=\"https:\/\/mindful-eating.es\/wp-content\/uploads\/2023\/05\/Nivel-KE0-1.png 10000w, https:\/\/mindful-eating.es\/wp-content\/uploads\/2023\/05\/Nivel-KE0-1-234x300.png 234w, https:\/\/mindful-eating.es\/wp-content\/uploads\/2023\/05\/Nivel-KE0-1-799x1024.png 799w, https:\/\/mindful-eating.es\/wp-content\/uploads\/2023\/05\/Nivel-KE0-1-768x985.png 768w, https:\/\/mindful-eating.es\/wp-content\/uploads\/2023\/05\/Nivel-KE0-1-1198x1536.png 1198w, https:\/\/mindful-eating.es\/wp-content\/uploads\/2023\/05\/Nivel-KE0-1-1597x2048.png 1597w\" sizes=\"auto, (max-width: 200px) 100vw, 200px\" \/><\/td>\n<td style=\"width: 25.0356%; text-align: center; height: 247px;\"><img loading=\"lazy\" decoding=\"async\" class=\"wp-image-1233 aligncenter\" src=\"http:\/\/mindful-eating.es\/wp-content\/uploads\/2023\/05\/Nivel-KE1-1.png\" alt=\"\" width=\"200\" height=\"256\" srcset=\"https:\/\/mindful-eating.es\/wp-content\/uploads\/2023\/05\/Nivel-KE1-1.png 3780w, https:\/\/mindful-eating.es\/wp-content\/uploads\/2023\/05\/Nivel-KE1-1-234x300.png 234w, https:\/\/mindful-eating.es\/wp-content\/uploads\/2023\/05\/Nivel-KE1-1-799x1024.png 799w, https:\/\/mindful-eating.es\/wp-content\/uploads\/2023\/05\/Nivel-KE1-1-768x985.png 768w, https:\/\/mindful-eating.es\/wp-content\/uploads\/2023\/05\/Nivel-KE1-1-1198x1536.png 1198w, https:\/\/mindful-eating.es\/wp-content\/uploads\/2023\/05\/Nivel-KE1-1-1597x2048.png 1597w\" sizes=\"auto, (max-width: 200px) 100vw, 200px\" \/><\/td>\n<td style=\"width: 24.8933%; height: 247px;\"><img loading=\"lazy\" decoding=\"async\" class=\"wp-image-1432 aligncenter\" src=\"http:\/\/mindful-eating.es\/wp-content\/uploads\/2025\/05\/KE2-v2.png\" alt=\"\" width=\"212\" height=\"272\" srcset=\"https:\/\/mindful-eating.es\/wp-content\/uploads\/2025\/05\/KE2-v2.png 397w, https:\/\/mindful-eating.es\/wp-content\/uploads\/2025\/05\/KE2-v2-234x300.png 234w\" sizes=\"auto, (max-width: 212px) 100vw, 212px\" \/><\/td>\n<\/tr>\n<tr style=\"height: 136px;\">\n<td style=\"width: 24.8933%; height: 136px;\">\n<p style=\"text-align: center;\">Curso experiencial<\/p>\n<p style=\"text-align: center;\">Kindful &amp; Mindful Eating<\/p>\n<p style=\"text-align: center;\">Online<\/p>\n<\/td>\n<td style=\"width: 25.0356%; height: 136px;\">\n<p style=\"text-align: center;\">KE1 :: Fundamentos<\/p>\n<p style=\"text-align: center;\">Kindful &amp; Mindful Eating<\/p>\n<p style=\"text-align: center;\">Online<\/p>\n<\/td>\n<td style=\"width: 24.8933%; height: 136px;\">\n<p style=\"text-align: center;\">KE2 :: Formaci\u00f3n curricular<\/p>\n<p style=\"text-align: center;\">Facilitaci\u00f3n Kindful &amp; Mindful Eating<\/p>\n<p style=\"text-align: center;\">Retiro \/Modalidad 9 semanas online<\/p>\n<\/td>\n<\/tr>\n<tr style=\"height: 96px;\">\n<td style=\"width: 24.8933%; text-align: center; height: 96px;\">\n<p>Inicio en<\/p>\n<p><a title=\"Curso Kindful &amp; Mindful Eating :: Inicio septiembre 2022\" href=\"https:\/\/www.respiravida.net\/cursos-actividades\/kindful-eating-alimentacion-bondadosa-consciente-2026-01-21\" target=\"_blank\" rel=\"noopener\">2026<\/a><\/td>\n<td style=\"width: 25.0356%; height: 96px;\">\n<p style=\"text-align: center;\">Inicio en<\/p>\n<p style=\"text-align: center;\"><a href=\"https:\/\/www.respiravida.net\/cursos-actividades\/ke1-fundamentos-de-kindful-eating-2026\">9 y 10 de mayo 2026<\/a><\/p>\n<\/td>\n<td style=\"width: 24.8933%; height: 96px;\">\n<p style=\"text-align: center;\"><a href=\"https:\/\/www.respiravida.net\/cursos-actividades\/ke2-formacion-curricular-kindful-eating-2026-06-03\" target=\"_blank\" rel=\"noopener\">Inicio en<\/a><\/p>\n<p style=\"text-align: center;\">junio 2026<\/p>\n<\/td>\n<\/tr>\n<tr style=\"height: 107px;\">\n<td style=\"width: 24.8933%; text-align: center; height: 107px;\"><\/td>\n<td style=\"width: 25.0356%; height: 107px;\">\n<p style=\"text-align: center;\">\n<\/td>\n<td style=\"width: 24.8933%; height: 107px;\">\n<h6 style=\"text-align: center;\"><em>Al finalizar esta fase se obtiene la titulaci\u00f3n <\/em><\/h6>\n<h6 style=\"text-align: center;\"><em>Facilitador <strong>de<\/strong><\/em><strong> Kindful &amp; Mindful Eating <\/strong><\/h6>\n<\/td>\n<\/tr>\n<\/tbody>\n<\/table>\n<p>&nbsp;<\/p>\n<p>Para m\u00e1s informaci\u00f3n cont\u00e1ctanos en <a href=\"mailto:info@respiravida.net\" target=\"_blank\" rel=\"noopener\">info@respiravida.net<\/a><\/p>\n<p>&nbsp;<\/p>\n","protected":false},"excerpt":{"rendered":"<p>En Compassion &amp; Mindful Eating Espa\u00f1a formamos profesores y facilitadores en alimentaci\u00f3n consciente bondadosa y c\u00f3mo aplicar mindfulness en la alimentaci\u00f3n. Aplicar la compasi\u00f3n a nuestra alimentaci\u00f3n y nuestra vida es una de las mejores estrategias para superar los enfoques de mejora de la salud que se basan en el p\u00e9rdida de peso y en [&hellip;]<\/p>\n","protected":false},"author":1,"featured_media":0,"parent":0,"menu_order":0,"comment_status":"closed","ping_status":"closed","template":"","meta":{"footnotes":""},"class_list":["post-1447","page","type-page","status-publish","hentry"],"aioseo_notices":[],"_links":{"self":[{"href":"https:\/\/mindful-eating.es\/index.php?rest_route=\/wp\/v2\/pages\/1447","targetHints":{"allow":["GET"]}}],"collection":[{"href":"https:\/\/mindful-eating.es\/index.php?rest_route=\/wp\/v2\/pages"}],"about":[{"href":"https:\/\/mindful-eating.es\/index.php?rest_route=\/wp\/v2\/types\/page"}],"author":[{"embeddable":true,"href":"https:\/\/mindful-eating.es\/index.php?rest_route=\/wp\/v2\/users\/1"}],"replies":[{"embeddable":true,"href":"https:\/\/mindful-eating.es\/index.php?rest_route=%2Fwp%2Fv2%2Fcomments&post=1447"}],"version-history":[{"count":6,"href":"https:\/\/mindful-eating.es\/index.php?rest_route=\/wp\/v2\/pages\/1447\/revisions"}],"predecessor-version":[{"id":1467,"href":"https:\/\/mindful-eating.es\/index.php?rest_route=\/wp\/v2\/pages\/1447\/revisions\/1467"}],"wp:attachment":[{"href":"https:\/\/mindful-eating.es\/index.php?rest_route=%2Fwp%2Fv2%2Fmedia&parent=1447"}],"curies":[{"name":"wp","href":"https:\/\/api.w.org\/{rel}","templated":true}]}}