{"id":113,"date":"2016-06-03T07:35:23","date_gmt":"2016-06-03T05:35:23","guid":{"rendered":"http:\/\/mindful-eating.es\/?page_id=113"},"modified":"2017-03-21T20:12:09","modified_gmt":"2017-03-21T18:12:09","slug":"testimonios","status":"publish","type":"page","link":"https:\/\/mindful-eating.es\/?page_id=113","title":{"rendered":"Testimonios"},"content":{"rendered":"<p><img loading=\"lazy\" decoding=\"async\" class=\"alignnone wp-image-114 size-full\" title=\"Imagen a partir de una foto original de Paige Marie\" src=\"http:\/\/mindful-eating.es\/wp-content\/uploads\/2016\/06\/comparte.png\" alt=\"comparte\" width=\"5156\" height=\"1999\" srcset=\"https:\/\/mindful-eating.es\/wp-content\/uploads\/2016\/06\/comparte.png 5156w, https:\/\/mindful-eating.es\/wp-content\/uploads\/2016\/06\/comparte-300x116.png 300w, https:\/\/mindful-eating.es\/wp-content\/uploads\/2016\/06\/comparte-768x298.png 768w, https:\/\/mindful-eating.es\/wp-content\/uploads\/2016\/06\/comparte-1024x397.png 1024w\" sizes=\"auto, (max-width: 5156px) 100vw, 5156px\" \/><\/p>\n<p>Estos son algunos de los testimonios que las personas que ha realizado el curso de <strong>mindful eating:: alimentando tu vida con atenci\u00f3n consciente <\/strong>han realizado:<strong><br \/>\n<\/strong><\/p>\n<p><em><strong>Mujer de 55 a\u00f1os<\/strong><\/em><\/p>\n<blockquote><p><em>Tras realizar el curso dir\u00eda que ha cambiado mi modo de alimentarme, me observo m\u00e1s a mi misma ,lo mismo que observo los alimentos, pienso de donde provienen, lo que quiero decir es que tengo m\u00e1s conciencia con la alimentaci\u00f3n, soy m\u00e1s consciente de lo que como de c\u00f3mo lo como y el porqu\u00e9 lo como. Me alimento mejor. Si tengo deseo neur\u00f3tico o antojo tengo herramientas para no dejarme llevar y poder refrenar los impulsos. Tambi\u00e9n dir\u00eda que he conocido algunas meditaciones que me han sorprendido y ayudado much\u00edsimo.<\/em><\/p>\n<p>Curso Mindful Eating\u00a0 &#8211; Enero 2017<\/p><\/blockquote>\n<p><em><strong>Mujer de 45 a\u00f1os<\/strong><\/em><\/p>\n<blockquote><p><em>He soltado rigideces y he ganado libertad, conciencia, no solo en mi propia relaci\u00f3n con la alimentaci\u00f3n, en la relaci\u00f3n con mi cuerpo, sino tambi\u00e9n en la relaci\u00f3n con mis hijos y lo que comen, cu\u00e1nto y cu\u00e1ndo lo comen; ahora soy m\u00e1s consciente (\u00a1\u00a1y ellos tambi\u00e9n!!!) de qu\u00e9 estoy haciendo cuando como, de si en verdad necesito media pastilla de chocolate, un abrazo o un buen libro. Ahora puedo darme cuenta de cu\u00e1ndo verdaderamente mi cuerpo tiene hambre y no mi mente o mi vista. En este curso he des-cubierto espacios emocionales muy \u00edntimos de m\u00ed misma y me ha nutrido muy profundamente. Me siento muy agradecida.<\/em><\/p>\n<p>Curso Mindful Eating\u00a0 &#8211; Febrero 2016<\/p><\/blockquote>\n<p><em><strong>Mujer 25 a\u00f1os<\/strong><\/em><\/p>\n<blockquote><p><em>Ahora, despu\u00e9s de realizar el curso, me conozco mejor a m\u00ed misma y c\u00f3mo me relaciono con la comida, de manera que siento que puedo tomar mejores decisiones acerca de c\u00f3mo alimentarme y c\u00f3mo comer, para hacer de esta experiencia algo nuevo y positivo para mi crecimiento personal.<\/em><\/p>\n<p>Curso Mindful Eating\u00a0 &#8211; Febrero 2016<\/p><\/blockquote>\n<p><em><strong>Mujer 55 a\u00f1os<\/strong><\/em><\/p>\n<blockquote><p><em>El programa fue muy completo y claro, los ejercicios practicos fueron reveladores y movilizadores, la meditacion nos daba serenidad y paz. He descubierto muchas de las causas que me llevan a comer compulsivamente. He aprendido a estar atenta y prestar atencion a mi forma de comer. Ahora entiendo mucho mas mi relaci\u00f3n con la comida.\u00a0Ha sido tambi\u00e9n un aprendizaje muy importante, porque es muy claro y completo. Me ha hecho reflexionar mucho y me ha ayudado a comprender la relacion emoci\u00f3n &#8211; comida. <\/em><\/p>\n<p>Curso Mindful Eating\u00a0 &#8211; Febrero 2016<\/p><\/blockquote>\n<p><em><strong>Marta, 38 a\u00f1os<\/strong><\/em><\/p>\n<p style=\"padding-left: 60px;\"><iframe loading=\"lazy\" src=\"https:\/\/www.youtube.com\/embed\/Fb7eUGlP1p4\" width=\"560\" height=\"315\" frameborder=\"0\" allowfullscreen=\"allowfullscreen\"><\/iframe><\/p>\n<p style=\"padding-left: 60px;\">Retiro Mindful Eating &#8211; Agosto 2016<br \/>\n<!--more--><\/p>\n","protected":false},"excerpt":{"rendered":"<p>Estos son algunos de los testimonios que las personas que ha realizado el curso de mindful eating:: alimentando tu vida con atenci\u00f3n consciente han realizado: Mujer de 55 a\u00f1os Tras realizar el curso dir\u00eda que ha cambiado mi modo de alimentarme, me observo m\u00e1s a mi misma ,lo mismo que observo los alimentos, pienso de [&hellip;]<\/p>\n","protected":false},"author":1,"featured_media":0,"parent":0,"menu_order":0,"comment_status":"closed","ping_status":"closed","template":"","meta":{"footnotes":""},"class_list":["post-113","page","type-page","status-publish","hentry"],"aioseo_notices":[],"_links":{"self":[{"href":"https:\/\/mindful-eating.es\/index.php?rest_route=\/wp\/v2\/pages\/113","targetHints":{"allow":["GET"]}}],"collection":[{"href":"https:\/\/mindful-eating.es\/index.php?rest_route=\/wp\/v2\/pages"}],"about":[{"href":"https:\/\/mindful-eating.es\/index.php?rest_route=\/wp\/v2\/types\/page"}],"author":[{"embeddable":true,"href":"https:\/\/mindful-eating.es\/index.php?rest_route=\/wp\/v2\/users\/1"}],"replies":[{"embeddable":true,"href":"https:\/\/mindful-eating.es\/index.php?rest_route=%2Fwp%2Fv2%2Fcomments&post=113"}],"version-history":[{"count":8,"href":"https:\/\/mindful-eating.es\/index.php?rest_route=\/wp\/v2\/pages\/113\/revisions"}],"predecessor-version":[{"id":428,"href":"https:\/\/mindful-eating.es\/index.php?rest_route=\/wp\/v2\/pages\/113\/revisions\/428"}],"wp:attachment":[{"href":"https:\/\/mindful-eating.es\/index.php?rest_route=%2Fwp%2Fv2%2Fmedia&parent=113"}],"curies":[{"name":"wp","href":"https:\/\/api.w.org\/{rel}","templated":true}]}}